{"id":427,"date":"2020-05-14T11:43:28","date_gmt":"2020-05-14T09:43:28","guid":{"rendered":"http:\/\/localhost:8888\/?page_id=427"},"modified":"2020-11-25T15:39:13","modified_gmt":"2020-11-25T14:39:13","slug":"aktuelles","status":"publish","type":"page","link":"https:\/\/wyco.de\/de\/home\/aktuelles\/","title":{"rendered":"Aktuelles"},"content":{"rendered":"\t\t<div data-elementor-type=\"wp-page\" data-elementor-id=\"427\" class=\"elementor elementor-427\">\n\t\t\t\t\t\t<div class=\"elementor-inner\">\n\t\t\t\t<div class=\"elementor-section-wrap\">\n\t\t\t\t\t\t\t\t\t<section class=\"elementor-section elementor-top-section elementor-element elementor-element-1812c5f elementor-section-stretched elementor-section-height-min-height elementor-section-items-bottom elementor-section-boxed elementor-section-height-default\" data-id=\"1812c5f\" data-element_type=\"section\" data-settings=\"{&quot;stretch_section&quot;:&quot;section-stretched&quot;,&quot;background_background&quot;:&quot;slideshow&quot;,&quot;background_slideshow_gallery&quot;:[{&quot;id&quot;:775,&quot;url&quot;:&quot;https:\\\/\\\/wyco.de\\\/wp-content\\\/uploads\\\/2020\\\/05\\\/diverseheader.jpg&quot;}],&quot;background_slideshow_loop&quot;:&quot;yes&quot;,&quot;background_slideshow_slide_duration&quot;:5000,&quot;background_slideshow_slide_transition&quot;:&quot;fade&quot;,&quot;background_slideshow_transition_duration&quot;:500}\">\n\t\t\t\t\t\t<div class=\"elementor-container elementor-column-gap-no\">\n\t\t\t\t\t\t\t<div class=\"elementor-row\">\n\t\t\t\t\t<div class=\"elementor-column elementor-col-100 elementor-top-column elementor-element elementor-element-f4ccb02\" data-id=\"f4ccb02\" data-element_type=\"column\">\n\t\t\t<div class=\"elementor-column-wrap\">\n\t\t\t\t\t\t\t<div class=\"elementor-widget-wrap\">\n\t\t\t\t\t\t\t\t<\/div>\n\t\t\t\t\t<\/div>\n\t\t<\/div>\n\t\t\t\t\t\t\t\t<\/div>\n\t\t\t\t\t<\/div>\n\t\t<\/section>\n\t\t\t\t<div class=\"elementor-section elementor-top-section elementor-element elementor-element-0b74ef0 elementor-section-full_width elementor-section-stretched elementor-section-height-default elementor-section-height-default\" data-id=\"0b74ef0\" data-element_type=\"section\" data-settings=\"{&quot;stretch_section&quot;:&quot;section-stretched&quot;}\">\n\t\t\t\t\t\t<div class=\"elementor-container elementor-column-gap-no\">\n\t\t\t\t\t\t\t<div class=\"elementor-row\">\n\t\t\t\t\t<div class=\"elementor-column elementor-col-100 elementor-top-column elementor-element elementor-element-47aabb1\" data-id=\"47aabb1\" data-element_type=\"column\">\n\t\t\t<div class=\"elementor-column-wrap elementor-element-populated\">\n\t\t\t\t\t\t\t<div class=\"elementor-widget-wrap\">\n\t\t\t\t\t\t<div class=\"elementor-element elementor-element-b6ded6f elementor-widget-divider--view-line_icon elementor-view-default elementor-widget-divider--element-align-center elementor-widget elementor-widget-divider\" data-id=\"b6ded6f\" data-element_type=\"widget\" id=\"trennerta\" data-widget_type=\"divider.default\">\n\t\t\t\t<div class=\"elementor-widget-container\">\n\t\t\t\t\t<div class=\"elementor-divider\">\n\t\t\t<span class=\"elementor-divider-separator\">\n\t\t\t\t\t\t\t<div class=\"elementor-icon elementor-divider__element\">\n\t\t\t\t\t<svg xmlns=\"http:\/\/www.w3.org\/2000\/svg\" id=\"Ebene_1\" data-name=\"Ebene 1\" viewBox=\"0 0 32.42 31.54\"><defs><style>.cls-1{fill:#fff;opacity:0.8;}.cls-2{fill:#54897e;}<\/style><\/defs><rect class=\"cls-1\" x=\"0.22\" width=\"31.97\" height=\"31.54\"><\/rect><path class=\"cls-2\" d=\"M-616-174.78h16v31.54h-32L-616-159Zm-.36,0L-632.42-159v-15.78Z\" transform=\"translate(632.42 174.78)\"><\/path><\/svg><\/div>\n\t\t\t\t\t\t<\/span>\n\t\t<\/div>\n\t\t\t\t<\/div>\n\t\t\t\t<\/div>\n\t\t\t\t\t\t<\/div>\n\t\t\t\t\t<\/div>\n\t\t<\/div>\n\t\t\t\t\t\t\t\t<\/div>\n\t\t\t\t\t<\/div>\n\t\t<\/div>\n\t\t\t\t<section class=\"elementor-section elementor-top-section elementor-element elementor-element-12ebfb2 elementor-section-stretched elementor-section-full_width elementor-section-height-default elementor-section-height-default\" data-id=\"12ebfb2\" data-element_type=\"section\" data-settings=\"{&quot;stretch_section&quot;:&quot;section-stretched&quot;}\">\n\t\t\t\t\t\t<div class=\"elementor-container elementor-column-gap-default\">\n\t\t\t\t\t\t\t<div class=\"elementor-row\">\n\t\t\t\t\t<div class=\"elementor-column elementor-col-100 elementor-top-column elementor-element elementor-element-6e59463\" data-id=\"6e59463\" data-element_type=\"column\">\n\t\t\t<div class=\"elementor-column-wrap elementor-element-populated\">\n\t\t\t\t\t\t\t<div class=\"elementor-widget-wrap\">\n\t\t\t\t\t\t<section class=\"elementor-section elementor-inner-section elementor-element elementor-element-147fd4f elementor-section-boxed elementor-section-height-default elementor-section-height-default\" data-id=\"147fd4f\" data-element_type=\"section\">\n\t\t\t\t\t\t<div class=\"elementor-container elementor-column-gap-default\">\n\t\t\t\t\t\t\t<div class=\"elementor-row\">\n\t\t\t\t\t<div class=\"elementor-column elementor-col-100 elementor-inner-column elementor-element elementor-element-e3c87ff\" data-id=\"e3c87ff\" data-element_type=\"column\">\n\t\t\t<div class=\"elementor-column-wrap elementor-element-populated\">\n\t\t\t\t\t\t\t<div class=\"elementor-widget-wrap\">\n\t\t\t\t\t\t<div class=\"elementor-element elementor-element-1ad3c3e elementor-grid-eael-col-3 elementor-grid-tablet-eael-col-2 elementor-grid-mobile-eael-col-1 elementor-widget elementor-widget-eael-post-grid\" data-id=\"1ad3c3e\" data-element_type=\"widget\" data-settings=\"{&quot;eael_post_grid_columns&quot;:&quot;eael-col-3&quot;,&quot;eael_post_grid_columns_tablet&quot;:&quot;eael-col-2&quot;,&quot;eael_post_grid_columns_mobile&quot;:&quot;eael-col-1&quot;}\" data-widget_type=\"eael-post-grid.default\">\n\t\t\t\t<div class=\"elementor-widget-container\">\n\t\t\t<div id=\"eael-post-grid-1ad3c3e\" class=\"eael-post-grid-container\">\n            <div class=\"eael-post-grid eael-post-appender eael-post-appender-1ad3c3e eael-post-grid-style-two\" data-layout-mode=\"grid\"><article class=\"eael-grid-post eael-post-grid-column\" data-id=\"1\">\n        <div class=\"eael-grid-post-holder\">\n            <div class=\"eael-grid-post-holder-inner\"><div class=\"eael-entry-media\"><div class=\"eael-entry-overlay fade-in\"><i class=\"fas fa-arrow-right\" aria-hidden=\"true\"><\/i><a href=\"https:\/\/wyco.de\/de\/hallo-welt\/\"><\/a><\/div><div class=\"eael-entry-thumbnail \">\n                                <img width=\"768\" height=\"512\" src=\"https:\/\/wyco.de\/wp-content\/uploads\/2020\/05\/diverse2-768x512.jpg\" class=\"attachment-medium_large size-medium_large wp-image-773\" alt=\"Impression\" decoding=\"async\" loading=\"lazy\" srcset=\"https:\/\/wyco.de\/wp-content\/uploads\/2020\/05\/diverse2-768x512.jpg 768w, https:\/\/wyco.de\/wp-content\/uploads\/2020\/05\/diverse2-300x200.jpg 300w, https:\/\/wyco.de\/wp-content\/uploads\/2020\/05\/diverse2-1024x683.jpg 1024w, https:\/\/wyco.de\/wp-content\/uploads\/2020\/05\/diverse2-1536x1024.jpg 1536w, https:\/\/wyco.de\/wp-content\/uploads\/2020\/05\/diverse2.jpg 1920w\" sizes=\"(max-width: 768px) 100vw, 768px\" \/>\n                              <\/div>\n                      <\/div><div class=\"eael-entry-wrapper\"><header class=\"eael-entry-header\"><h2 class=\"eael-entry-title\"><a\n                                    class=\"eael-grid-post-link\"\n                                    href=\"https:\/\/wyco.de\/de\/hallo-welt\/\"\n                                    title=\"COVID19\">COVID19<\/a><\/h2><\/header><div class=\"eael-entry-content\">\n                                    <div class=\"eael-grid-post-excerpt\"><p>Die aktuelle gesundheitliche Lage unseres Landes verlangt die h\u00f6chste Vorsicht, um unsere Mitmenschen und uns vor dem aggressiven Corona-Virus so gut als m\u00f6glich zu sch\u00fctzen. Deshalb haben wir unsere Produktion auf die kurzfristige Fertigung von Niesschutzen umgestellt. Unsere kompetenten Mitarbeiter stehen Ihnen gerne beratend zur Verf\u00fcgung, um Ihre individuellen W\u00fcnsche professionell umzusetzen.<\/p><\/div>\n                                <\/div><div class=\"eael-entry-header-after style-two\"><div class=\"eael-entry-meta\"><span class=\"eael-meta-posted-on\"><i class=\"far fa-clock\"><\/i><time datetime=\"23. November 2020\">23. November 2020<\/time><\/span><\/div><\/div><\/div><\/div>\n        <\/div>\n    <\/article><\/div>\n            <div class=\"clearfix\"><\/div>\n        <\/div>\t\t<\/div>\n\t\t\t\t<\/div>\n\t\t\t\t\t\t<\/div>\n\t\t\t\t\t<\/div>\n\t\t<\/div>\n\t\t\t\t\t\t\t\t<\/div>\n\t\t\t\t\t<\/div>\n\t\t<\/section>\n\t\t\t\t\t\t<\/div>\n\t\t\t\t\t<\/div>\n\t\t<\/div>\n\t\t\t\t\t\t\t\t<\/div>\n\t\t\t\t\t<\/div>\n\t\t<\/section>\n\t\t\t\t\t\t\t\t\t<\/div>\n\t\t\t<\/div>\n\t\t\t\t\t<\/div>\n\t\t","protected":false},"excerpt":{"rendered":"<p>Unsere neue Firma Aenean imperdiet. Etiam ultricies nisi vel augue. Curabitur ullamcorper ultricies nisi. Nam eget dui. Etiam rhoncus. Maecenas tempus, tellus eget condimentum rhoncus, sem quam semper libero, sit amet adipiscing sem neque sed ipsum. Nam quam nunc, blandit vel, luctus pulvinar, hendrerit id, lorem. Maecenas nec odio et ante tincidunt tempus. Donec vitae&hellip;<\/p>\n","protected":false},"author":1,"featured_media":0,"parent":2,"menu_order":1,"comment_status":"closed","ping_status":"closed","template":"","meta":[],"yoast_head":"<!-- This site is optimized with the Yoast SEO plugin v20.7 - https:\/\/yoast.com\/wordpress\/plugins\/seo\/ -->\n<title>wycoglas Pforzheim | Aktuelles<\/title>\n<meta name=\"robots\" content=\"index, follow, max-snippet:-1, max-image-preview:large, max-video-preview:-1\" \/>\n<link rel=\"canonical\" href=\"https:\/\/wyco.de\/de\/home\/aktuelles\/\" \/>\n<meta property=\"og:locale\" content=\"de_DE\" \/>\n<meta property=\"og:type\" content=\"article\" \/>\n<meta property=\"og:title\" content=\"wycoglas Pforzheim | Aktuelles\" \/>\n<meta property=\"og:description\" content=\"Unsere neue Firma Aenean imperdiet. Etiam ultricies nisi vel augue. Curabitur ullamcorper ultricies nisi. Nam eget dui. Etiam rhoncus. Maecenas tempus, tellus eget condimentum rhoncus, sem quam semper libero, sit amet adipiscing sem neque sed ipsum. Nam quam nunc, blandit vel, luctus pulvinar, hendrerit id, lorem. Maecenas nec odio et ante tincidunt tempus. Donec vitae&hellip;\" \/>\n<meta property=\"og:url\" content=\"https:\/\/wyco.de\/de\/home\/aktuelles\/\" \/>\n<meta property=\"og:site_name\" content=\"wycoglas\" \/>\n<meta property=\"article:modified_time\" content=\"2020-11-25T14:39:13+00:00\" \/>\n<meta property=\"og:image\" content=\"http:\/\/neu20.wyco.de\/wp-content\/uploads\/2020\/05\/raum-768x512.jpg\" \/>\n<meta name=\"twitter:card\" content=\"summary_large_image\" \/>\n<meta name=\"twitter:label1\" content=\"Gesch\u00e4tzte Lesezeit\" \/>\n\t<meta name=\"twitter:data1\" content=\"1\u00a0Minute\" \/>\n<script type=\"application\/ld+json\" class=\"yoast-schema-graph\">{\"@context\":\"https:\/\/schema.org\",\"@graph\":[{\"@type\":\"WebPage\",\"@id\":\"https:\/\/wyco.de\/home\/aktuelles\/\",\"url\":\"https:\/\/wyco.de\/home\/aktuelles\/\",\"name\":\"wycoglas Pforzheim | Aktuelles\",\"isPartOf\":{\"@id\":\"https:\/\/wyco.de\/de\/#website\"},\"datePublished\":\"2020-05-14T09:43:28+00:00\",\"dateModified\":\"2020-11-25T14:39:13+00:00\",\"breadcrumb\":{\"@id\":\"https:\/\/wyco.de\/home\/aktuelles\/#breadcrumb\"},\"inLanguage\":\"de\",\"potentialAction\":[{\"@type\":\"ReadAction\",\"target\":[\"https:\/\/wyco.de\/home\/aktuelles\/\"]}]},{\"@type\":\"BreadcrumbList\",\"@id\":\"https:\/\/wyco.de\/home\/aktuelles\/#breadcrumb\",\"itemListElement\":[{\"@type\":\"ListItem\",\"position\":1,\"name\":\"Startseite\",\"item\":\"https:\/\/wyco.de\/\"},{\"@type\":\"ListItem\",\"position\":2,\"name\":\"Home\",\"item\":\"https:\/\/wyco.de\/\"},{\"@type\":\"ListItem\",\"position\":3,\"name\":\"Aktuelles\"}]},{\"@type\":\"WebSite\",\"@id\":\"https:\/\/wyco.de\/de\/#website\",\"url\":\"https:\/\/wyco.de\/de\/\",\"name\":\"wycoglas\",\"description\":\"acrylglas\",\"publisher\":{\"@id\":\"https:\/\/wyco.de\/de\/#organization\"},\"potentialAction\":[{\"@type\":\"SearchAction\",\"target\":{\"@type\":\"EntryPoint\",\"urlTemplate\":\"https:\/\/wyco.de\/de\/?s={search_term_string}\"},\"query-input\":\"required name=search_term_string\"}],\"inLanguage\":\"de\"},{\"@type\":\"Organization\",\"@id\":\"https:\/\/wyco.de\/de\/#organization\",\"name\":\"wycoglas\",\"url\":\"https:\/\/wyco.de\/de\/\",\"logo\":{\"@type\":\"ImageObject\",\"inLanguage\":\"de\",\"@id\":\"https:\/\/wyco.de\/de\/#\/schema\/logo\/image\/\",\"url\":\"https:\/\/wyco.de\/wp-content\/uploads\/2020\/04\/cropped-logo.png\",\"contentUrl\":\"https:\/\/wyco.de\/wp-content\/uploads\/2020\/04\/cropped-logo.png\",\"width\":178,\"height\":47,\"caption\":\"wycoglas\"},\"image\":{\"@id\":\"https:\/\/wyco.de\/de\/#\/schema\/logo\/image\/\"}}]}<\/script>\n<!-- \/ Yoast SEO plugin. -->","yoast_head_json":{"title":"wycoglas Pforzheim | Aktuelles","robots":{"index":"index","follow":"follow","max-snippet":"max-snippet:-1","max-image-preview":"max-image-preview:large","max-video-preview":"max-video-preview:-1"},"canonical":"https:\/\/wyco.de\/de\/home\/aktuelles\/","og_locale":"de_DE","og_type":"article","og_title":"wycoglas Pforzheim | Aktuelles","og_description":"Unsere neue Firma Aenean imperdiet. Etiam ultricies nisi vel augue. Curabitur ullamcorper ultricies nisi. Nam eget dui. Etiam rhoncus. Maecenas tempus, tellus eget condimentum rhoncus, sem quam semper libero, sit amet adipiscing sem neque sed ipsum. Nam quam nunc, blandit vel, luctus pulvinar, hendrerit id, lorem. Maecenas nec odio et ante tincidunt tempus. Donec vitae&hellip;","og_url":"https:\/\/wyco.de\/de\/home\/aktuelles\/","og_site_name":"wycoglas","article_modified_time":"2020-11-25T14:39:13+00:00","og_image":[{"url":"http:\/\/neu20.wyco.de\/wp-content\/uploads\/2020\/05\/raum-768x512.jpg"}],"twitter_card":"summary_large_image","twitter_misc":{"Gesch\u00e4tzte Lesezeit":"1\u00a0Minute"},"schema":{"@context":"https:\/\/schema.org","@graph":[{"@type":"WebPage","@id":"https:\/\/wyco.de\/home\/aktuelles\/","url":"https:\/\/wyco.de\/home\/aktuelles\/","name":"wycoglas Pforzheim | Aktuelles","isPartOf":{"@id":"https:\/\/wyco.de\/de\/#website"},"datePublished":"2020-05-14T09:43:28+00:00","dateModified":"2020-11-25T14:39:13+00:00","breadcrumb":{"@id":"https:\/\/wyco.de\/home\/aktuelles\/#breadcrumb"},"inLanguage":"de","potentialAction":[{"@type":"ReadAction","target":["https:\/\/wyco.de\/home\/aktuelles\/"]}]},{"@type":"BreadcrumbList","@id":"https:\/\/wyco.de\/home\/aktuelles\/#breadcrumb","itemListElement":[{"@type":"ListItem","position":1,"name":"Startseite","item":"https:\/\/wyco.de\/"},{"@type":"ListItem","position":2,"name":"Home","item":"https:\/\/wyco.de\/"},{"@type":"ListItem","position":3,"name":"Aktuelles"}]},{"@type":"WebSite","@id":"https:\/\/wyco.de\/de\/#website","url":"https:\/\/wyco.de\/de\/","name":"wycoglas","description":"acrylglas","publisher":{"@id":"https:\/\/wyco.de\/de\/#organization"},"potentialAction":[{"@type":"SearchAction","target":{"@type":"EntryPoint","urlTemplate":"https:\/\/wyco.de\/de\/?s={search_term_string}"},"query-input":"required name=search_term_string"}],"inLanguage":"de"},{"@type":"Organization","@id":"https:\/\/wyco.de\/de\/#organization","name":"wycoglas","url":"https:\/\/wyco.de\/de\/","logo":{"@type":"ImageObject","inLanguage":"de","@id":"https:\/\/wyco.de\/de\/#\/schema\/logo\/image\/","url":"https:\/\/wyco.de\/wp-content\/uploads\/2020\/04\/cropped-logo.png","contentUrl":"https:\/\/wyco.de\/wp-content\/uploads\/2020\/04\/cropped-logo.png","width":178,"height":47,"caption":"wycoglas"},"image":{"@id":"https:\/\/wyco.de\/de\/#\/schema\/logo\/image\/"}}]}},"_links":{"self":[{"href":"https:\/\/wyco.de\/de\/wp-json\/wp\/v2\/pages\/427"}],"collection":[{"href":"https:\/\/wyco.de\/de\/wp-json\/wp\/v2\/pages"}],"about":[{"href":"https:\/\/wyco.de\/de\/wp-json\/wp\/v2\/types\/page"}],"author":[{"embeddable":true,"href":"https:\/\/wyco.de\/de\/wp-json\/wp\/v2\/users\/1"}],"replies":[{"embeddable":true,"href":"https:\/\/wyco.de\/de\/wp-json\/wp\/v2\/comments?post=427"}],"version-history":[{"count":29,"href":"https:\/\/wyco.de\/de\/wp-json\/wp\/v2\/pages\/427\/revisions"}],"predecessor-version":[{"id":1318,"href":"https:\/\/wyco.de\/de\/wp-json\/wp\/v2\/pages\/427\/revisions\/1318"}],"up":[{"embeddable":true,"href":"https:\/\/wyco.de\/de\/wp-json\/wp\/v2\/pages\/2"}],"wp:attachment":[{"href":"https:\/\/wyco.de\/de\/wp-json\/wp\/v2\/media?parent=427"}],"curies":[{"name":"wp","href":"https:\/\/api.w.org\/{rel}","templated":true}]}}