{"id":30,"date":"2020-04-30T16:47:47","date_gmt":"2020-04-30T14:47:47","guid":{"rendered":"http:\/\/localhost:8888\/?page_id=30"},"modified":"2022-10-24T07:48:33","modified_gmt":"2022-10-24T05:48:33","slug":"impressum","status":"publish","type":"page","link":"https:\/\/wyco.de\/de\/impressum\/","title":{"rendered":"Impressum"},"content":{"rendered":"\t\t<div data-elementor-type=\"wp-page\" data-elementor-id=\"30\" class=\"elementor elementor-30\">\n\t\t\t\t\t\t<div class=\"elementor-inner\">\n\t\t\t\t<div class=\"elementor-section-wrap\">\n\t\t\t\t\t\t\t\t\t<section class=\"elementor-section elementor-top-section elementor-element elementor-element-b6944d4 elementor-section-stretched elementor-section-full_width elementor-section-height-default elementor-section-height-default\" data-id=\"b6944d4\" data-element_type=\"section\" data-settings=\"{&quot;stretch_section&quot;:&quot;section-stretched&quot;}\">\n\t\t\t\t\t\t<div class=\"elementor-container elementor-column-gap-default\">\n\t\t\t\t\t\t\t<div class=\"elementor-row\">\n\t\t\t\t\t<div class=\"elementor-column elementor-col-100 elementor-top-column elementor-element elementor-element-e8bddb6\" data-id=\"e8bddb6\" data-element_type=\"column\">\n\t\t\t<div class=\"elementor-column-wrap elementor-element-populated\">\n\t\t\t\t\t\t\t<div class=\"elementor-widget-wrap\">\n\t\t\t\t\t\t<div class=\"elementor-element elementor-element-99ebc1f elementor-widget elementor-widget-spacer\" data-id=\"99ebc1f\" data-element_type=\"widget\" data-widget_type=\"spacer.default\">\n\t\t\t\t<div class=\"elementor-widget-container\">\n\t\t\t\t\t<div class=\"elementor-spacer\">\n\t\t\t<div class=\"elementor-spacer-inner\"><\/div>\n\t\t<\/div>\n\t\t\t\t<\/div>\n\t\t\t\t<\/div>\n\t\t\t\t<section class=\"elementor-section elementor-inner-section elementor-element elementor-element-6a28f3a elementor-section-boxed elementor-section-height-default elementor-section-height-default\" data-id=\"6a28f3a\" data-element_type=\"section\">\n\t\t\t\t\t\t<div class=\"elementor-container elementor-column-gap-default\">\n\t\t\t\t\t\t\t<div class=\"elementor-row\">\n\t\t\t\t\t<div class=\"elementor-column elementor-col-100 elementor-inner-column elementor-element elementor-element-cd3af0f\" data-id=\"cd3af0f\" data-element_type=\"column\">\n\t\t\t<div class=\"elementor-column-wrap elementor-element-populated\">\n\t\t\t\t\t\t\t<div class=\"elementor-widget-wrap\">\n\t\t\t\t\t\t<div class=\"elementor-element elementor-element-2e49167 elementor-widget__width-initial elementor-widget elementor-widget-heading\" data-id=\"2e49167\" data-element_type=\"widget\" data-widget_type=\"heading.default\">\n\t\t\t\t<div class=\"elementor-widget-container\">\n\t\t\t<h1 class=\"elementor-heading-title elementor-size-default\">Impressum<\/h1>\t\t<\/div>\n\t\t\t\t<\/div>\n\t\t\t\t<div class=\"elementor-element elementor-element-e1524be elementor-widget elementor-widget-spacer\" data-id=\"e1524be\" data-element_type=\"widget\" data-widget_type=\"spacer.default\">\n\t\t\t\t<div class=\"elementor-widget-container\">\n\t\t\t\t\t<div class=\"elementor-spacer\">\n\t\t\t<div class=\"elementor-spacer-inner\"><\/div>\n\t\t<\/div>\n\t\t\t\t<\/div>\n\t\t\t\t<\/div>\n\t\t\t\t<div class=\"elementor-element elementor-element-f9d06c9 elementor-widget elementor-widget-heading\" data-id=\"f9d06c9\" data-element_type=\"widget\" data-widget_type=\"heading.default\">\n\t\t\t\t<div class=\"elementor-widget-container\">\n\t\t\t<h2 class=\"elementor-heading-title elementor-size-default\">Haftungsausschluss, Datenschutz, Hyperlings, Cookies<\/h2>\t\t<\/div>\n\t\t\t\t<\/div>\n\t\t\t\t<div class=\"elementor-element elementor-element-3c278d3 elementor-widget elementor-widget-text-editor\" data-id=\"3c278d3\" data-element_type=\"widget\" data-widget_type=\"text-editor.default\">\n\t\t\t\t<div class=\"elementor-widget-container\">\n\t\t\t\t\t\t\t\t<div class=\"elementor-text-editor elementor-clearfix\">\n\t\t\t\t<p><strong>Verantwortlich f\u00fcr die Inhalte:<\/strong><br \/>Wyco-Glas GmbH<br \/>Reutlinger Stra\u00dfe 7-11<br \/>75179 Pforzheim<\/p><p>Telefon 07231 &#8211; 22457<br \/><a href=\"mailto:info@wyco.de\">info@wyco.de<\/a><\/p><p>Handelsregister: Pforzheim HRB NR. 1270<br \/>Umsatzsteuer-Identifikationsnummer gem\u00e4\u00df \u00a727 a Umsatzsteuergesetz: DE144177204<br \/>Registergericht Mannheim HRB: 501270<br \/>Gesch\u00e4ftsf\u00fchrer: Bernd Ro\u00dfnagel<br \/>Allgemeine_Gesch\u00e4ftsbedingungen.pdf<\/p><p>PLEXIGLAS\u00ae = registrierte Marke der Evonik R\u00f6hm GmbH, Darmstadt<\/p><p><strong>Haftungsausschluss:<\/strong><\/p><p>Rechtliche Hinweise:<br \/>Wir weisen darauf hin, dass Informationen auf dieser Site technische Ungenauigkeiten oder typografische Fehler enthalten k\u00f6nnen.<br \/>Wir behalten uns vor, die Informationen in dieser Site jederzeit und ohne vorherige Ank\u00fcndigung zu \u00e4ndern oder zu aktualisieren.<br \/>Alle auf unseren Internetseiten ver\u00f6ffentlichten Werke bzw. Werkteile wie z.B. Texte, Dateien, Kompositionen und Bilder sind urheberrechtlich bzw. nach dem Geschmacksmustergesetz gesch\u00fctzt. Jede weitere Ver\u00f6ffentlichung, Vervielf\u00e4ltigung, Verbreitung oder sonstige Nutzung \u2013 auch auszugsweise \u2013 bedarf der schriftlichen Genehmigung von wyco.<\/p><p><strong>Datenschutz<br \/><\/strong>Wyco-Glas GmbH beachtet bei der Erhebung, bei der Nutzung und bei der Verarbeitung personenbezogener Daten die anwendbaren datenschutzrechtlichen Bestimmungen.Sofern innerhalb des Internet-Angebotes die M\u00f6glichkeit der Eingabe von pers\u00f6nlichen Daten (E-Mail-Adresse, Namen, Anschriften etc.) besteht, erfolgt diese freiwillig.<br \/>Die von Ihnen zur Verf\u00fcgung gestellten personenbezogenen Daten werden nur intern verwendet, um Ihre Anfragen zu beantworten, Ihre Auftr\u00e4ge zu bearbeiten oder Ihnen Zugang zu bestimmten Informationen zu verschaffen.<br \/>Auf Ihre schriftliche Anfrage werden wir Sie \u00fcber die zu Ihrer Person bei uns gespeicherten Daten informieren. Sie haben zudem jederzeit das Recht auf Berichtigung, L\u00f6schung und\/oder Sperrung dieser Daten.<\/p><p><strong>Hyperlinks<br \/><\/strong>Diese Website kann Hyperlinks auf Webseiten Dritter enthalten. Links von dieser Web-Site auf Web-Sites Dritter werden in einem separatem Browser-Fenster ge\u00f6ffnet und nur aus Gr\u00fcnden der Benutzerfreundlichkeit zur Verf\u00fcgung gestellt. wyco distanziert sich ausdr\u00fccklich von den Inhalten dieser Webseiten und macht sich fremde Webseiten und ihre Inhalte nicht zu eigen. F\u00fcr die Inhalte fremder Websites ist wyco nicht verantwortlich. Deren Nutzung erfolgt auf eigenes Risiko des Nutzers.<\/p><p><strong>Verwendung von Cookies<br \/><\/strong>Wyco-Glas GmbH verwendet so genannte \u201eCookies&#8220;. Diese dienen dazu, unser Angebot besser auf Ihre W\u00fcnsche auszurichten und statistische Daten \u00fcber die Nutzung unserer Website erheben zu k\u00f6nnen. Bei \u201eCookies&#8220; handelt es sich um kleine Textdateien, die von einer Website lokal im Speicher Ihres Internet-Browsers auf dem von Ihnen genutzten Rechner abgelegt werden k\u00f6nnen.<br \/>Cookies erm\u00f6glichen insbesondere die Wiedererkennung des Internet-Browsers. Die Cookies unserer Website erheben keine pers\u00f6nlichen Daten \u00fcber Sie oder Ihre Nutzung. Einmal gesetzte Cookies k\u00f6nnen Sie jederzeit selbst l\u00f6schen, indem Sie den entsprechenden Men\u00fcpunkt in Ihrem Internet-Browser aufrufen oder die Cookies auf Ihrer Festplatte l\u00f6schen. Einzelheiten hierzu finden Sie im Hilfemen\u00fc Ihres Internet-Browsers.<\/p><p><strong>Nutzung der Website ohne Cookies<br \/><\/strong>Selbstverst\u00e4ndlich k\u00f6nnen Sie unsere Website auch nutzen, ohne dass Cookies verwendet werden. Sie k\u00f6nnen hierzu die Verwendung von Cookies jederzeit \u00fcber die Einstellungen Ihres Internet-Browsers generell ablehnen (\u201edeaktivieren&#8220;). Alternativ hierzu k\u00f6nnen Sie sich das Setzen von Cookies anzeigen lassen und dann im Einzelfall entscheiden, ob Cookies akzeptiert werden sollen (\u201eCookie-Warnung&#8220;). Das Ablehnen oder Anzeigen von Cookies kann sich auf die Funktionalit\u00e4t unserer Website auswirken.<\/p>\t\t\t\t\t<\/div>\n\t\t\t\t\t\t<\/div>\n\t\t\t\t<\/div>\n\t\t\t\t\t\t<\/div>\n\t\t\t\t\t<\/div>\n\t\t<\/div>\n\t\t\t\t\t\t\t\t<\/div>\n\t\t\t\t\t<\/div>\n\t\t<\/section>\n\t\t\t\t\t\t<\/div>\n\t\t\t\t\t<\/div>\n\t\t<\/div>\n\t\t\t\t\t\t\t\t<\/div>\n\t\t\t\t\t<\/div>\n\t\t<\/section>\n\t\t\t\t\t\t\t\t\t<\/div>\n\t\t\t<\/div>\n\t\t\t\t\t<\/div>\n\t\t","protected":false},"excerpt":{"rendered":"<p>Impressum Haftungsausschluss, Datenschutz, Hyperlings, Cookies Verantwortlich f\u00fcr die Inhalte:Wyco-Glas GmbHReutlinger Stra\u00dfe 7-1175179 Pforzheim Telefon 07231 &#8211; 22457info@wyco.de Handelsregister: Pforzheim HRB NR. 1270Umsatzsteuer-Identifikationsnummer gem\u00e4\u00df \u00a727 a Umsatzsteuergesetz: DE144177204Registergericht Mannheim HRB: 501270Gesch\u00e4ftsf\u00fchrer: Bernd Ro\u00dfnagelAllgemeine_Gesch\u00e4ftsbedingungen.pdf PLEXIGLAS\u00ae = registrierte Marke der Evonik R\u00f6hm GmbH, Darmstadt Haftungsausschluss: Rechtliche Hinweise:Wir weisen darauf hin, dass Informationen auf dieser Site technische Ungenauigkeiten oder&hellip;<\/p>\n","protected":false},"author":1,"featured_media":0,"parent":0,"menu_order":6,"comment_status":"closed","ping_status":"closed","template":"","meta":[],"yoast_head":"<!-- This site is optimized with the Yoast SEO plugin v20.7 - https:\/\/yoast.com\/wordpress\/plugins\/seo\/ -->\n<title>wycoglas Pforzheim | Impressum<\/title>\n<meta name=\"robots\" content=\"index, follow, max-snippet:-1, max-image-preview:large, max-video-preview:-1\" \/>\n<link rel=\"canonical\" href=\"https:\/\/wyco.de\/de\/impressum\/\" \/>\n<meta property=\"og:locale\" content=\"de_DE\" \/>\n<meta property=\"og:type\" content=\"article\" \/>\n<meta property=\"og:title\" content=\"wycoglas Pforzheim | Impressum\" \/>\n<meta property=\"og:description\" content=\"Impressum Haftungsausschluss, Datenschutz, Hyperlings, Cookies Verantwortlich f\u00fcr die Inhalte:Wyco-Glas GmbHReutlinger Stra\u00dfe 7-1175179 Pforzheim Telefon 07231 &#8211; 22457info@wyco.de Handelsregister: Pforzheim HRB NR. 1270Umsatzsteuer-Identifikationsnummer gem\u00e4\u00df \u00a727 a Umsatzsteuergesetz: DE144177204Registergericht Mannheim HRB: 501270Gesch\u00e4ftsf\u00fchrer: Bernd Ro\u00dfnagelAllgemeine_Gesch\u00e4ftsbedingungen.pdf PLEXIGLAS\u00ae = registrierte Marke der Evonik R\u00f6hm GmbH, Darmstadt Haftungsausschluss: Rechtliche Hinweise:Wir weisen darauf hin, dass Informationen auf dieser Site technische Ungenauigkeiten oder&hellip;\" \/>\n<meta property=\"og:url\" content=\"https:\/\/wyco.de\/de\/impressum\/\" \/>\n<meta property=\"og:site_name\" content=\"wycoglas\" \/>\n<meta property=\"article:modified_time\" content=\"2022-10-24T05:48:33+00:00\" \/>\n<meta name=\"twitter:card\" content=\"summary_large_image\" \/>\n<meta name=\"twitter:label1\" content=\"Gesch\u00e4tzte Lesezeit\" \/>\n\t<meta name=\"twitter:data1\" content=\"2\u00a0Minuten\" \/>\n<script type=\"application\/ld+json\" class=\"yoast-schema-graph\">{\"@context\":\"https:\/\/schema.org\",\"@graph\":[{\"@type\":\"WebPage\",\"@id\":\"https:\/\/wyco.de\/impressum\/\",\"url\":\"https:\/\/wyco.de\/impressum\/\",\"name\":\"wycoglas Pforzheim | Impressum\",\"isPartOf\":{\"@id\":\"https:\/\/wyco.de\/de\/#website\"},\"datePublished\":\"2020-04-30T14:47:47+00:00\",\"dateModified\":\"2022-10-24T05:48:33+00:00\",\"breadcrumb\":{\"@id\":\"https:\/\/wyco.de\/impressum\/#breadcrumb\"},\"inLanguage\":\"de\",\"potentialAction\":[{\"@type\":\"ReadAction\",\"target\":[\"https:\/\/wyco.de\/impressum\/\"]}]},{\"@type\":\"BreadcrumbList\",\"@id\":\"https:\/\/wyco.de\/impressum\/#breadcrumb\",\"itemListElement\":[{\"@type\":\"ListItem\",\"position\":1,\"name\":\"Startseite\",\"item\":\"https:\/\/wyco.de\/\"},{\"@type\":\"ListItem\",\"position\":2,\"name\":\"Impressum\"}]},{\"@type\":\"WebSite\",\"@id\":\"https:\/\/wyco.de\/de\/#website\",\"url\":\"https:\/\/wyco.de\/de\/\",\"name\":\"wycoglas\",\"description\":\"acrylglas\",\"publisher\":{\"@id\":\"https:\/\/wyco.de\/de\/#organization\"},\"potentialAction\":[{\"@type\":\"SearchAction\",\"target\":{\"@type\":\"EntryPoint\",\"urlTemplate\":\"https:\/\/wyco.de\/de\/?s={search_term_string}\"},\"query-input\":\"required name=search_term_string\"}],\"inLanguage\":\"de\"},{\"@type\":\"Organization\",\"@id\":\"https:\/\/wyco.de\/de\/#organization\",\"name\":\"wycoglas\",\"url\":\"https:\/\/wyco.de\/de\/\",\"logo\":{\"@type\":\"ImageObject\",\"inLanguage\":\"de\",\"@id\":\"https:\/\/wyco.de\/de\/#\/schema\/logo\/image\/\",\"url\":\"https:\/\/wyco.de\/wp-content\/uploads\/2020\/04\/cropped-logo.png\",\"contentUrl\":\"https:\/\/wyco.de\/wp-content\/uploads\/2020\/04\/cropped-logo.png\",\"width\":178,\"height\":47,\"caption\":\"wycoglas\"},\"image\":{\"@id\":\"https:\/\/wyco.de\/de\/#\/schema\/logo\/image\/\"}}]}<\/script>\n<!-- \/ Yoast SEO plugin. -->","yoast_head_json":{"title":"wycoglas Pforzheim | Impressum","robots":{"index":"index","follow":"follow","max-snippet":"max-snippet:-1","max-image-preview":"max-image-preview:large","max-video-preview":"max-video-preview:-1"},"canonical":"https:\/\/wyco.de\/de\/impressum\/","og_locale":"de_DE","og_type":"article","og_title":"wycoglas Pforzheim | Impressum","og_description":"Impressum Haftungsausschluss, Datenschutz, Hyperlings, Cookies Verantwortlich f\u00fcr die Inhalte:Wyco-Glas GmbHReutlinger Stra\u00dfe 7-1175179 Pforzheim Telefon 07231 &#8211; 22457info@wyco.de Handelsregister: Pforzheim HRB NR. 1270Umsatzsteuer-Identifikationsnummer gem\u00e4\u00df \u00a727 a Umsatzsteuergesetz: DE144177204Registergericht Mannheim HRB: 501270Gesch\u00e4ftsf\u00fchrer: Bernd Ro\u00dfnagelAllgemeine_Gesch\u00e4ftsbedingungen.pdf PLEXIGLAS\u00ae = registrierte Marke der Evonik R\u00f6hm GmbH, Darmstadt Haftungsausschluss: Rechtliche Hinweise:Wir weisen darauf hin, dass Informationen auf dieser Site technische Ungenauigkeiten oder&hellip;","og_url":"https:\/\/wyco.de\/de\/impressum\/","og_site_name":"wycoglas","article_modified_time":"2022-10-24T05:48:33+00:00","twitter_card":"summary_large_image","twitter_misc":{"Gesch\u00e4tzte Lesezeit":"2\u00a0Minuten"},"schema":{"@context":"https:\/\/schema.org","@graph":[{"@type":"WebPage","@id":"https:\/\/wyco.de\/impressum\/","url":"https:\/\/wyco.de\/impressum\/","name":"wycoglas Pforzheim | Impressum","isPartOf":{"@id":"https:\/\/wyco.de\/de\/#website"},"datePublished":"2020-04-30T14:47:47+00:00","dateModified":"2022-10-24T05:48:33+00:00","breadcrumb":{"@id":"https:\/\/wyco.de\/impressum\/#breadcrumb"},"inLanguage":"de","potentialAction":[{"@type":"ReadAction","target":["https:\/\/wyco.de\/impressum\/"]}]},{"@type":"BreadcrumbList","@id":"https:\/\/wyco.de\/impressum\/#breadcrumb","itemListElement":[{"@type":"ListItem","position":1,"name":"Startseite","item":"https:\/\/wyco.de\/"},{"@type":"ListItem","position":2,"name":"Impressum"}]},{"@type":"WebSite","@id":"https:\/\/wyco.de\/de\/#website","url":"https:\/\/wyco.de\/de\/","name":"wycoglas","description":"acrylglas","publisher":{"@id":"https:\/\/wyco.de\/de\/#organization"},"potentialAction":[{"@type":"SearchAction","target":{"@type":"EntryPoint","urlTemplate":"https:\/\/wyco.de\/de\/?s={search_term_string}"},"query-input":"required name=search_term_string"}],"inLanguage":"de"},{"@type":"Organization","@id":"https:\/\/wyco.de\/de\/#organization","name":"wycoglas","url":"https:\/\/wyco.de\/de\/","logo":{"@type":"ImageObject","inLanguage":"de","@id":"https:\/\/wyco.de\/de\/#\/schema\/logo\/image\/","url":"https:\/\/wyco.de\/wp-content\/uploads\/2020\/04\/cropped-logo.png","contentUrl":"https:\/\/wyco.de\/wp-content\/uploads\/2020\/04\/cropped-logo.png","width":178,"height":47,"caption":"wycoglas"},"image":{"@id":"https:\/\/wyco.de\/de\/#\/schema\/logo\/image\/"}}]}},"_links":{"self":[{"href":"https:\/\/wyco.de\/de\/wp-json\/wp\/v2\/pages\/30"}],"collection":[{"href":"https:\/\/wyco.de\/de\/wp-json\/wp\/v2\/pages"}],"about":[{"href":"https:\/\/wyco.de\/de\/wp-json\/wp\/v2\/types\/page"}],"author":[{"embeddable":true,"href":"https:\/\/wyco.de\/de\/wp-json\/wp\/v2\/users\/1"}],"replies":[{"embeddable":true,"href":"https:\/\/wyco.de\/de\/wp-json\/wp\/v2\/comments?post=30"}],"version-history":[{"count":32,"href":"https:\/\/wyco.de\/de\/wp-json\/wp\/v2\/pages\/30\/revisions"}],"predecessor-version":[{"id":1428,"href":"https:\/\/wyco.de\/de\/wp-json\/wp\/v2\/pages\/30\/revisions\/1428"}],"wp:attachment":[{"href":"https:\/\/wyco.de\/de\/wp-json\/wp\/v2\/media?parent=30"}],"curies":[{"name":"wp","href":"https:\/\/api.w.org\/{rel}","templated":true}]}}