{"id":28,"date":"2020-04-30T16:47:25","date_gmt":"2020-04-30T14:47:25","guid":{"rendered":"http:\/\/localhost:8888\/?page_id=28"},"modified":"2020-11-25T15:34:40","modified_gmt":"2020-11-25T14:34:40","slug":"anfrage","status":"publish","type":"page","link":"https:\/\/wyco.de\/de\/anfrage\/","title":{"rendered":"Anfrage"},"content":{"rendered":"\t\t<div data-elementor-type=\"wp-page\" data-elementor-id=\"28\" class=\"elementor elementor-28\">\n\t\t\t\t\t\t<div class=\"elementor-inner\">\n\t\t\t\t<div class=\"elementor-section-wrap\">\n\t\t\t\t\t\t\t\t\t<section class=\"elementor-section elementor-top-section elementor-element elementor-element-8279a45 elementor-section-stretched elementor-section-height-min-height elementor-section-items-bottom elementor-section-boxed elementor-section-height-default\" data-id=\"8279a45\" data-element_type=\"section\" data-settings=\"{&quot;stretch_section&quot;:&quot;section-stretched&quot;,&quot;background_background&quot;:&quot;slideshow&quot;,&quot;background_slideshow_gallery&quot;:[{&quot;id&quot;:1248,&quot;url&quot;:&quot;https:\\\/\\\/wyco.de\\\/wp-content\\\/uploads\\\/2020\\\/11\\\/headerkontaktneu.jpg&quot;}],&quot;background_slideshow_loop&quot;:&quot;yes&quot;,&quot;background_slideshow_slide_duration&quot;:5000,&quot;background_slideshow_slide_transition&quot;:&quot;fade&quot;,&quot;background_slideshow_transition_duration&quot;:500}\">\n\t\t\t\t\t\t<div class=\"elementor-container elementor-column-gap-no\">\n\t\t\t\t\t\t\t<div class=\"elementor-row\">\n\t\t\t\t\t<div class=\"elementor-column elementor-col-100 elementor-top-column elementor-element elementor-element-d13ee0b\" data-id=\"d13ee0b\" data-element_type=\"column\">\n\t\t\t<div class=\"elementor-column-wrap\">\n\t\t\t\t\t\t\t<div class=\"elementor-widget-wrap\">\n\t\t\t\t\t\t\t\t<\/div>\n\t\t\t\t\t<\/div>\n\t\t<\/div>\n\t\t\t\t\t\t\t\t<\/div>\n\t\t\t\t\t<\/div>\n\t\t<\/section>\n\t\t\t\t<div class=\"elementor-section elementor-top-section elementor-element elementor-element-ba38121 elementor-section-full_width elementor-section-stretched elementor-section-height-default elementor-section-height-default\" data-id=\"ba38121\" data-element_type=\"section\" data-settings=\"{&quot;stretch_section&quot;:&quot;section-stretched&quot;}\">\n\t\t\t\t\t\t<div class=\"elementor-container elementor-column-gap-no\">\n\t\t\t\t\t\t\t<div class=\"elementor-row\">\n\t\t\t\t\t<div class=\"elementor-column elementor-col-100 elementor-top-column elementor-element elementor-element-1ad7b0e\" data-id=\"1ad7b0e\" data-element_type=\"column\">\n\t\t\t<div class=\"elementor-column-wrap elementor-element-populated\">\n\t\t\t\t\t\t\t<div class=\"elementor-widget-wrap\">\n\t\t\t\t\t\t<div class=\"elementor-element elementor-element-66821cc elementor-widget-divider--view-line_icon elementor-view-default elementor-widget-divider--element-align-center elementor-widget elementor-widget-divider\" data-id=\"66821cc\" data-element_type=\"widget\" id=\"trennerta\" data-widget_type=\"divider.default\">\n\t\t\t\t<div class=\"elementor-widget-container\">\n\t\t\t\t\t<div class=\"elementor-divider\">\n\t\t\t<span class=\"elementor-divider-separator\">\n\t\t\t\t\t\t\t<div class=\"elementor-icon elementor-divider__element\">\n\t\t\t\t\t<svg xmlns=\"http:\/\/www.w3.org\/2000\/svg\" id=\"Ebene_1\" data-name=\"Ebene 1\" viewBox=\"0 0 32.42 31.54\"><defs><style>.cls-1{fill:#fff;opacity:0.8;}.cls-2{fill:#54897e;}<\/style><\/defs><rect class=\"cls-1\" x=\"0.22\" width=\"31.97\" height=\"31.54\"><\/rect><path class=\"cls-2\" d=\"M-616-174.78h16v31.54h-32L-616-159Zm-.36,0L-632.42-159v-15.78Z\" transform=\"translate(632.42 174.78)\"><\/path><\/svg><\/div>\n\t\t\t\t\t\t<\/span>\n\t\t<\/div>\n\t\t\t\t<\/div>\n\t\t\t\t<\/div>\n\t\t\t\t\t\t<\/div>\n\t\t\t\t\t<\/div>\n\t\t<\/div>\n\t\t\t\t\t\t\t\t<\/div>\n\t\t\t\t\t<\/div>\n\t\t<\/div>\n\t\t\t\t<section class=\"elementor-section elementor-top-section elementor-element elementor-element-d170c99 elementor-section-stretched elementor-section-full_width elementor-section-height-default elementor-section-height-default\" data-id=\"d170c99\" data-element_type=\"section\" data-settings=\"{&quot;stretch_section&quot;:&quot;section-stretched&quot;}\">\n\t\t\t\t\t\t<div class=\"elementor-container elementor-column-gap-default\">\n\t\t\t\t\t\t\t<div class=\"elementor-row\">\n\t\t\t\t\t<div class=\"elementor-column elementor-col-100 elementor-top-column elementor-element elementor-element-3e57e3c\" data-id=\"3e57e3c\" data-element_type=\"column\">\n\t\t\t<div class=\"elementor-column-wrap elementor-element-populated\">\n\t\t\t\t\t\t\t<div class=\"elementor-widget-wrap\">\n\t\t\t\t\t\t<section class=\"elementor-section elementor-inner-section elementor-element elementor-element-2589464 elementor-section-boxed elementor-section-height-default elementor-section-height-default\" data-id=\"2589464\" data-element_type=\"section\">\n\t\t\t\t\t\t<div class=\"elementor-container elementor-column-gap-default\">\n\t\t\t\t\t\t\t<div class=\"elementor-row\">\n\t\t\t\t\t<div class=\"elementor-column elementor-col-100 elementor-inner-column elementor-element elementor-element-c4f64b2\" data-id=\"c4f64b2\" data-element_type=\"column\">\n\t\t\t<div class=\"elementor-column-wrap elementor-element-populated\">\n\t\t\t\t\t\t\t<div class=\"elementor-widget-wrap\">\n\t\t\t\t\t\t<div class=\"elementor-element elementor-element-46684cd elementor-widget elementor-widget-heading\" data-id=\"46684cd\" data-element_type=\"widget\" data-widget_type=\"heading.default\">\n\t\t\t\t<div class=\"elementor-widget-container\">\n\t\t\t<h2 class=\"elementor-heading-title elementor-size-default\">Kontaktformular<\/h2>\t\t<\/div>\n\t\t\t\t<\/div>\n\t\t\t\t<div class=\"elementor-element elementor-element-8e815e7 eael-contact-form-7-button-align-left eael-contact-form-7-button-custom elementor-widget elementor-widget-eael-contact-form-7\" data-id=\"8e815e7\" data-element_type=\"widget\" data-widget_type=\"eael-contact-form-7.default\">\n\t\t\t\t<div class=\"elementor-widget-container\">\n\t\t\t<div class=\"eael-contact-form-7-wrapper\">\n                <div class=\"eael-contact-form eael-contact-form-7 eael-contact-form-8e815e7 eael-custom-radio-checkbox eael-contact-form-align-left\"><div class=\"eael-contact-form-7-heading\"><div class=\"eael-contact-form-description eael-contact-form-7-description\">\n                                    Sie haben Fragen zu unseren Produkten, m\u00f6chten eine eigene Idee umsetzen oder sich \u00fcber Preise informieren?<br>\nNutzen Sie unser Anfrageformular und schreiben Sie uns.<br>Ihre Anfrage wird schnellstm\u00f6glich bearbeitet. <br><br>\n                                <\/div><\/div>\n<div class=\"wpcf7 no-js\" id=\"wpcf7-f387-o1\" lang=\"de-DE\" dir=\"ltr\">\n<div class=\"screen-reader-response\"><p role=\"status\" aria-live=\"polite\" aria-atomic=\"true\"><\/p> <ul><\/ul><\/div>\n<form action=\"\/de\/wp-json\/wp\/v2\/pages\/28#wpcf7-f387-o1\" method=\"post\" class=\"wpcf7-form init\" aria-label=\"Kontaktformular\" enctype=\"multipart\/form-data\" novalidate=\"novalidate\" data-status=\"init\">\n<div style=\"display: none;\">\n<input type=\"hidden\" name=\"_wpcf7\" value=\"387\" \/>\n<input type=\"hidden\" name=\"_wpcf7_version\" value=\"5.7.6\" \/>\n<input type=\"hidden\" name=\"_wpcf7_locale\" value=\"de_DE\" \/>\n<input type=\"hidden\" name=\"_wpcf7_unit_tag\" value=\"wpcf7-f387-o1\" \/>\n<input type=\"hidden\" name=\"_wpcf7_container_post\" value=\"0\" \/>\n<input type=\"hidden\" name=\"_wpcf7_posted_data_hash\" value=\"\" \/>\n<input type=\"hidden\" name=\"_wpcf7_recaptcha_response\" value=\"\" \/>\n<\/div>\n<p><label> Thema-Betreff*<br \/>\n<span class=\"wpcf7-form-control-wrap\" data-name=\"betreff\"><input size=\"40\" class=\"wpcf7-form-control wpcf7-text wpcf7-validates-as-required\" aria-required=\"true\" aria-invalid=\"false\" value=\"\" type=\"text\" name=\"betreff\" \/><\/span> <\/label>\n<\/p>\n<p><label> Firma*<br \/>\n<span class=\"wpcf7-form-control-wrap\" data-name=\"firma\"><input size=\"40\" class=\"wpcf7-form-control wpcf7-text wpcf7-validates-as-required\" aria-required=\"true\" aria-invalid=\"false\" value=\"\" type=\"text\" name=\"firma\" \/><\/span><\/label>\n<\/p>\n<p><label> Vorname-Name*<br \/>\n<span class=\"wpcf7-form-control-wrap\" data-name=\"vorname-name\"><input size=\"40\" class=\"wpcf7-form-control wpcf7-text wpcf7-validates-as-required\" aria-required=\"true\" aria-invalid=\"false\" value=\"\" type=\"text\" name=\"vorname-name\" \/><\/span><\/label>\n<\/p>\n<p><label> Stra\u00dfe*<br \/>\n<span class=\"wpcf7-form-control-wrap\" data-name=\"strasse\"><input size=\"40\" class=\"wpcf7-form-control wpcf7-text wpcf7-validates-as-required\" aria-required=\"true\" aria-invalid=\"false\" value=\"\" type=\"text\" name=\"strasse\" \/><\/span><\/label>\n<\/p>\n<p><label> PLZ*<br \/>\n<span class=\"wpcf7-form-control-wrap\" data-name=\"plz\"><input size=\"40\" class=\"wpcf7-form-control wpcf7-text wpcf7-validates-as-required\" aria-required=\"true\" aria-invalid=\"false\" value=\"\" type=\"text\" name=\"plz\" \/><\/span><\/label>\n<\/p>\n<p><label> Ort*<br \/>\n<span class=\"wpcf7-form-control-wrap\" data-name=\"ort\"><input size=\"40\" class=\"wpcf7-form-control wpcf7-text wpcf7-validates-as-required\" aria-required=\"true\" aria-invalid=\"false\" value=\"\" type=\"text\" name=\"ort\" \/><\/span><\/label>\n<\/p>\n<p><label> Telefon*<br \/>\n<span class=\"wpcf7-form-control-wrap\" data-name=\"tel-758\"><input size=\"40\" class=\"wpcf7-form-control wpcf7-text wpcf7-tel wpcf7-validates-as-required wpcf7-validates-as-tel\" aria-required=\"true\" aria-invalid=\"false\" value=\"\" type=\"tel\" name=\"tel-758\" \/><\/span><\/label>\n<\/p>\n<p><label> E-Mail*<br \/>\n<span class=\"wpcf7-form-control-wrap\" data-name=\"email-734\"><input size=\"40\" class=\"wpcf7-form-control wpcf7-text wpcf7-email wpcf7-validates-as-required wpcf7-validates-as-email\" aria-required=\"true\" aria-invalid=\"false\" value=\"\" type=\"email\" name=\"email-734\" \/><\/span> <\/label>\n<\/p>\n<p>*Pflichtfelder\n<\/p>\n<p><label> Ihre Nachricht<br \/>\n<span class=\"wpcf7-form-control-wrap\" data-name=\"your-message\"><textarea cols=\"40\" rows=\"10\" class=\"wpcf7-form-control wpcf7-textarea\" aria-invalid=\"false\" name=\"your-message\"><\/textarea><\/span> <\/label>\n<\/p>\n<p><span id=\"wpcf7-69d1f02ad5add-wrapper\" class=\"wpcf7-form-control-wrap ihreurl-993-wrap\" ><label for=\"wpcf7-69d1f02ad5add-field\" class=\"hp-message\">Bitte lasse dieses Feld leer.<\/label><input id=\"wpcf7-69d1f02ad5add-field\"  class=\"wpcf7-form-control wpcf7-text\" type=\"text\" name=\"ihreurl-993\" value=\"\" size=\"40\" tabindex=\"-1\" autocomplete=\"new-password\" \/><\/span>\n<\/p>\n<p><label> Datei anh\u00e4ngen<br \/>\n<span class=\"wpcf7-form-control-wrap\" data-name=\"mein-anhang\"><input size=\"40\" class=\"wpcf7-form-control wpcf7-file\" accept=\".jpeg,.jpg,.png,.pdf\" aria-invalid=\"false\" type=\"file\" name=\"mein-anhang\" \/><\/span><\/label>\n<\/p>\n<p>F\u00fcr eine z\u00fcgige Bearbeitung Ihrer Anfrage ben\u00f6tigen wir folgende Informationen:\n<\/p>\n<p>* Format (L\u00e4nge, Breite, Material-St\u00e4rke)\n<\/p>\n<p>* Materialsorte und Materialfarbe (Farbnummer)\n<\/p>\n<p>* St\u00fcckzahl\n<\/p>\n<p>* Kantenbearbeitung (polierte Kanten, Kanten entgratet, Schnittkanten\/unbearbeitet)\n<\/p>\n<p>* Bohrungen (\u00d8 Durchmesser, Randabstand bis zur Lochmitte)\n<\/p>\n<p>Vielen Dank.\n<\/p>\n<p id=\"form51\"><span class=\"wpcf7-form-control-wrap\" data-name=\"zustimmen\"><span class=\"wpcf7-form-control wpcf7-acceptance\"><span class=\"wpcf7-list-item\"><input type=\"checkbox\" name=\"zustimmen\" value=\"1\" aria-invalid=\"false\" \/><\/span><\/span><\/span> Ich stimme zu, dass meine Angaben aus dem Kontaktformular zur Beantwortung meiner Anfrage erhoben und verarbeitet werden.<br \/>\nDetaillierte Informationen zum Umgang mit Nutzerdaten finden Sie in unserer <a href=\"\/datenschutzerklaerung\/\">Datenschutzerkl\u00e4rung<\/a>.\n<\/p>\n<p><input class=\"wpcf7-form-control has-spinner wpcf7-submit\" type=\"submit\" value=\"Anfrage senden\" \/>\n<\/p><div class=\"wpcf7-response-output\" aria-hidden=\"true\"><\/div>\n<\/form>\n<\/div>\n<\/div>\n            <\/div>\t\t<\/div>\n\t\t\t\t<\/div>\n\t\t\t\t\t\t<\/div>\n\t\t\t\t\t<\/div>\n\t\t<\/div>\n\t\t\t\t\t\t\t\t<\/div>\n\t\t\t\t\t<\/div>\n\t\t<\/section>\n\t\t\t\t\t\t<\/div>\n\t\t\t\t\t<\/div>\n\t\t<\/div>\n\t\t\t\t\t\t\t\t<\/div>\n\t\t\t\t\t<\/div>\n\t\t<\/section>\n\t\t\t\t\t\t\t\t\t<\/div>\n\t\t\t<\/div>\n\t\t\t\t\t<\/div>\n\t\t","protected":false},"excerpt":{"rendered":"<p>Kontaktformular Sie haben Fragen zu unseren Produkten, m\u00f6chten eine eigene Idee umsetzen oder sich \u00fcber Preise informieren? Nutzen Sie unser Anfrageformular und schreiben Sie uns. Ihre Anfrage wird schnellstm\u00f6glich bearbeitet. Thema-Betreff* Firma* Vorname-Name* Stra\u00dfe* PLZ* Ort* Telefon* E-Mail* *Pflichtfelder Ihre Nachricht Datei anh\u00e4ngen F\u00fcr eine z\u00fcgige Bearbeitung Ihrer Anfrage ben\u00f6tigen wir folgende Informationen: * Format&hellip;<\/p>\n","protected":false},"author":1,"featured_media":0,"parent":0,"menu_order":5,"comment_status":"closed","ping_status":"closed","template":"","meta":[],"yoast_head":"<!-- This site is optimized with the Yoast SEO plugin v20.7 - https:\/\/yoast.com\/wordpress\/plugins\/seo\/ -->\n<title>wycoglas Pforzheim | Anfrage<\/title>\n<meta name=\"robots\" content=\"index, follow, max-snippet:-1, max-image-preview:large, max-video-preview:-1\" \/>\n<link rel=\"canonical\" href=\"https:\/\/wyco.de\/de\/anfrage\/\" \/>\n<meta property=\"og:locale\" content=\"de_DE\" \/>\n<meta property=\"og:type\" content=\"article\" \/>\n<meta property=\"og:title\" content=\"wycoglas Pforzheim | Anfrage\" \/>\n<meta property=\"og:description\" content=\"Kontaktformular Sie haben Fragen zu unseren Produkten, m\u00f6chten eine eigene Idee umsetzen oder sich \u00fcber Preise informieren? Nutzen Sie unser Anfrageformular und schreiben Sie uns. Ihre Anfrage wird schnellstm\u00f6glich bearbeitet. Thema-Betreff* Firma* Vorname-Name* Stra\u00dfe* PLZ* Ort* Telefon* E-Mail* *Pflichtfelder Ihre Nachricht Datei anh\u00e4ngen F\u00fcr eine z\u00fcgige Bearbeitung Ihrer Anfrage ben\u00f6tigen wir folgende Informationen: * Format&hellip;\" \/>\n<meta property=\"og:url\" content=\"https:\/\/wyco.de\/de\/anfrage\/\" \/>\n<meta property=\"og:site_name\" content=\"wycoglas\" \/>\n<meta property=\"article:modified_time\" content=\"2020-11-25T14:34:40+00:00\" \/>\n<meta name=\"twitter:card\" content=\"summary_large_image\" \/>\n<meta name=\"twitter:label1\" content=\"Gesch\u00e4tzte Lesezeit\" \/>\n\t<meta name=\"twitter:data1\" content=\"1\u00a0Minute\" \/>\n<script type=\"application\/ld+json\" class=\"yoast-schema-graph\">{\"@context\":\"https:\/\/schema.org\",\"@graph\":[{\"@type\":\"WebPage\",\"@id\":\"https:\/\/wyco.de\/anfrage\/\",\"url\":\"https:\/\/wyco.de\/anfrage\/\",\"name\":\"wycoglas Pforzheim | Anfrage\",\"isPartOf\":{\"@id\":\"https:\/\/wyco.de\/de\/#website\"},\"datePublished\":\"2020-04-30T14:47:25+00:00\",\"dateModified\":\"2020-11-25T14:34:40+00:00\",\"breadcrumb\":{\"@id\":\"https:\/\/wyco.de\/anfrage\/#breadcrumb\"},\"inLanguage\":\"de\",\"potentialAction\":[{\"@type\":\"ReadAction\",\"target\":[\"https:\/\/wyco.de\/anfrage\/\"]}]},{\"@type\":\"BreadcrumbList\",\"@id\":\"https:\/\/wyco.de\/anfrage\/#breadcrumb\",\"itemListElement\":[{\"@type\":\"ListItem\",\"position\":1,\"name\":\"Startseite\",\"item\":\"https:\/\/wyco.de\/\"},{\"@type\":\"ListItem\",\"position\":2,\"name\":\"Anfrage\"}]},{\"@type\":\"WebSite\",\"@id\":\"https:\/\/wyco.de\/de\/#website\",\"url\":\"https:\/\/wyco.de\/de\/\",\"name\":\"wycoglas\",\"description\":\"acrylglas\",\"publisher\":{\"@id\":\"https:\/\/wyco.de\/de\/#organization\"},\"potentialAction\":[{\"@type\":\"SearchAction\",\"target\":{\"@type\":\"EntryPoint\",\"urlTemplate\":\"https:\/\/wyco.de\/de\/?s={search_term_string}\"},\"query-input\":\"required name=search_term_string\"}],\"inLanguage\":\"de\"},{\"@type\":\"Organization\",\"@id\":\"https:\/\/wyco.de\/de\/#organization\",\"name\":\"wycoglas\",\"url\":\"https:\/\/wyco.de\/de\/\",\"logo\":{\"@type\":\"ImageObject\",\"inLanguage\":\"de\",\"@id\":\"https:\/\/wyco.de\/de\/#\/schema\/logo\/image\/\",\"url\":\"https:\/\/wyco.de\/wp-content\/uploads\/2020\/04\/cropped-logo.png\",\"contentUrl\":\"https:\/\/wyco.de\/wp-content\/uploads\/2020\/04\/cropped-logo.png\",\"width\":178,\"height\":47,\"caption\":\"wycoglas\"},\"image\":{\"@id\":\"https:\/\/wyco.de\/de\/#\/schema\/logo\/image\/\"}}]}<\/script>\n<!-- \/ Yoast SEO plugin. -->","yoast_head_json":{"title":"wycoglas Pforzheim | Anfrage","robots":{"index":"index","follow":"follow","max-snippet":"max-snippet:-1","max-image-preview":"max-image-preview:large","max-video-preview":"max-video-preview:-1"},"canonical":"https:\/\/wyco.de\/de\/anfrage\/","og_locale":"de_DE","og_type":"article","og_title":"wycoglas Pforzheim | Anfrage","og_description":"Kontaktformular Sie haben Fragen zu unseren Produkten, m\u00f6chten eine eigene Idee umsetzen oder sich \u00fcber Preise informieren? Nutzen Sie unser Anfrageformular und schreiben Sie uns. Ihre Anfrage wird schnellstm\u00f6glich bearbeitet. Thema-Betreff* Firma* Vorname-Name* Stra\u00dfe* PLZ* Ort* Telefon* E-Mail* *Pflichtfelder Ihre Nachricht Datei anh\u00e4ngen F\u00fcr eine z\u00fcgige Bearbeitung Ihrer Anfrage ben\u00f6tigen wir folgende Informationen: * Format&hellip;","og_url":"https:\/\/wyco.de\/de\/anfrage\/","og_site_name":"wycoglas","article_modified_time":"2020-11-25T14:34:40+00:00","twitter_card":"summary_large_image","twitter_misc":{"Gesch\u00e4tzte Lesezeit":"1\u00a0Minute"},"schema":{"@context":"https:\/\/schema.org","@graph":[{"@type":"WebPage","@id":"https:\/\/wyco.de\/anfrage\/","url":"https:\/\/wyco.de\/anfrage\/","name":"wycoglas Pforzheim | Anfrage","isPartOf":{"@id":"https:\/\/wyco.de\/de\/#website"},"datePublished":"2020-04-30T14:47:25+00:00","dateModified":"2020-11-25T14:34:40+00:00","breadcrumb":{"@id":"https:\/\/wyco.de\/anfrage\/#breadcrumb"},"inLanguage":"de","potentialAction":[{"@type":"ReadAction","target":["https:\/\/wyco.de\/anfrage\/"]}]},{"@type":"BreadcrumbList","@id":"https:\/\/wyco.de\/anfrage\/#breadcrumb","itemListElement":[{"@type":"ListItem","position":1,"name":"Startseite","item":"https:\/\/wyco.de\/"},{"@type":"ListItem","position":2,"name":"Anfrage"}]},{"@type":"WebSite","@id":"https:\/\/wyco.de\/de\/#website","url":"https:\/\/wyco.de\/de\/","name":"wycoglas","description":"acrylglas","publisher":{"@id":"https:\/\/wyco.de\/de\/#organization"},"potentialAction":[{"@type":"SearchAction","target":{"@type":"EntryPoint","urlTemplate":"https:\/\/wyco.de\/de\/?s={search_term_string}"},"query-input":"required name=search_term_string"}],"inLanguage":"de"},{"@type":"Organization","@id":"https:\/\/wyco.de\/de\/#organization","name":"wycoglas","url":"https:\/\/wyco.de\/de\/","logo":{"@type":"ImageObject","inLanguage":"de","@id":"https:\/\/wyco.de\/de\/#\/schema\/logo\/image\/","url":"https:\/\/wyco.de\/wp-content\/uploads\/2020\/04\/cropped-logo.png","contentUrl":"https:\/\/wyco.de\/wp-content\/uploads\/2020\/04\/cropped-logo.png","width":178,"height":47,"caption":"wycoglas"},"image":{"@id":"https:\/\/wyco.de\/de\/#\/schema\/logo\/image\/"}}]}},"_links":{"self":[{"href":"https:\/\/wyco.de\/de\/wp-json\/wp\/v2\/pages\/28"}],"collection":[{"href":"https:\/\/wyco.de\/de\/wp-json\/wp\/v2\/pages"}],"about":[{"href":"https:\/\/wyco.de\/de\/wp-json\/wp\/v2\/types\/page"}],"author":[{"embeddable":true,"href":"https:\/\/wyco.de\/de\/wp-json\/wp\/v2\/users\/1"}],"replies":[{"embeddable":true,"href":"https:\/\/wyco.de\/de\/wp-json\/wp\/v2\/comments?post=28"}],"version-history":[{"count":42,"href":"https:\/\/wyco.de\/de\/wp-json\/wp\/v2\/pages\/28\/revisions"}],"predecessor-version":[{"id":1314,"href":"https:\/\/wyco.de\/de\/wp-json\/wp\/v2\/pages\/28\/revisions\/1314"}],"wp:attachment":[{"href":"https:\/\/wyco.de\/de\/wp-json\/wp\/v2\/media?parent=28"}],"curies":[{"name":"wp","href":"https:\/\/api.w.org\/{rel}","templated":true}]}}