{"id":587,"date":"2020-05-15T19:00:08","date_gmt":"2020-05-15T17:00:08","guid":{"rendered":"http:\/\/localhost:8888\/?page_id=587"},"modified":"2020-11-25T15:24:45","modified_gmt":"2020-11-25T14:24:45","slug":"materialien","status":"publish","type":"page","link":"http:\/\/wyco.de\/en\/leistungen\/materialien\/","title":{"rendered":"Materials"},"content":{"rendered":"<div data-elementor-type=\"wp-page\" data-elementor-id=\"587\" class=\"elementor elementor-587\">\n\t\t\t\t\t\t<div class=\"elementor-inner\">\n\t\t\t\t<div class=\"elementor-section-wrap\">\n\t\t\t\t\t\t\t\t\t<section class=\"elementor-section elementor-top-section elementor-element elementor-element-2235709 elementor-section-stretched elementor-section-height-min-height elementor-section-items-bottom elementor-section-boxed elementor-section-height-default\" data-id=\"2235709\" data-element_type=\"section\" data-settings=\"{&quot;stretch_section&quot;:&quot;section-stretched&quot;,&quot;background_background&quot;:&quot;slideshow&quot;,&quot;background_slideshow_gallery&quot;:[{&quot;id&quot;:813,&quot;url&quot;:&quot;https:\\\/\\\/wyco.de\\\/wp-content\\\/uploads\\\/2020\\\/05\\\/materialheader.jpg&quot;}],&quot;background_slideshow_loop&quot;:&quot;yes&quot;,&quot;background_slideshow_slide_duration&quot;:5000,&quot;background_slideshow_slide_transition&quot;:&quot;fade&quot;,&quot;background_slideshow_transition_duration&quot;:500}\">\n\t\t\t\t\t\t<div class=\"elementor-container elementor-column-gap-no\">\n\t\t\t\t\t\t\t<div class=\"elementor-row\">\n\t\t\t\t\t<div class=\"elementor-column elementor-col-100 elementor-top-column elementor-element elementor-element-294c25f\" data-id=\"294c25f\" data-element_type=\"column\">\n\t\t\t<div class=\"elementor-column-wrap\">\n\t\t\t\t\t\t\t<div class=\"elementor-widget-wrap\">\n\t\t\t\t\t\t\t\t<\/div>\n\t\t\t\t\t<\/div>\n\t\t<\/div>\n\t\t\t\t\t\t\t\t<\/div>\n\t\t\t\t\t<\/div>\n\t\t<\/section>\n\t\t\t\t<div class=\"elementor-section elementor-top-section elementor-element elementor-element-9cb7be1 elementor-section-full_width elementor-section-stretched elementor-section-height-default elementor-section-height-default\" data-id=\"9cb7be1\" data-element_type=\"section\" data-settings=\"{&quot;stretch_section&quot;:&quot;section-stretched&quot;}\">\n\t\t\t\t\t\t<div class=\"elementor-container elementor-column-gap-no\">\n\t\t\t\t\t\t\t<div class=\"elementor-row\">\n\t\t\t\t\t<div class=\"elementor-column elementor-col-100 elementor-top-column elementor-element elementor-element-3413264\" data-id=\"3413264\" data-element_type=\"column\">\n\t\t\t<div class=\"elementor-column-wrap elementor-element-populated\">\n\t\t\t\t\t\t\t<div class=\"elementor-widget-wrap\">\n\t\t\t\t\t\t<div class=\"elementor-element elementor-element-ef2a94e elementor-widget-divider--view-line_icon elementor-view-default elementor-widget-divider--element-align-center elementor-widget elementor-widget-divider\" data-id=\"ef2a94e\" data-element_type=\"widget\" id=\"trennerta\" data-widget_type=\"divider.default\">\n\t\t\t\t<div class=\"elementor-widget-container\">\n\t\t\t\t\t<div class=\"elementor-divider\">\n\t\t\t<span class=\"elementor-divider-separator\">\n\t\t\t\t\t\t\t<div class=\"elementor-icon elementor-divider__element\">\n\t\t\t\t\t<svg xmlns=\"http:\/\/www.w3.org\/2000\/svg\" id=\"Ebene_1\" data-name=\"Ebene 1\" viewbox=\"0 0 32.42 31.54\"><defs><style>.cls-1{fill:#fff;opacity:0.8;}.cls-2{fill:#54897e;}<\/style><\/defs><rect class=\"cls-1\" x=\"0.22\" width=\"31.97\" height=\"31.54\"><\/rect><path class=\"cls-2\" d=\"M-616-174.78h16v31.54h-32L-616-159Zm-.36,0L-632.42-159v-15.78Z\" transform=\"translate(632.42 174.78)\"><\/path><\/svg><\/div>\n\t\t\t\t\t\t<\/span>\n\t\t<\/div>\n\t\t\t\t<\/div>\n\t\t\t\t<\/div>\n\t\t\t\t\t\t<\/div>\n\t\t\t\t\t<\/div>\n\t\t<\/div>\n\t\t\t\t\t\t\t\t<\/div>\n\t\t\t\t\t<\/div>\n\t\t<\/div>\n\t\t\t\t<section class=\"elementor-section elementor-top-section elementor-element elementor-element-e9a22fb elementor-section-stretched elementor-section-full_width elementor-section-height-default elementor-section-height-default\" data-id=\"e9a22fb\" data-element_type=\"section\" data-settings=\"{&quot;stretch_section&quot;:&quot;section-stretched&quot;}\">\n\t\t\t\t\t\t<div class=\"elementor-container elementor-column-gap-default\">\n\t\t\t\t\t\t\t<div class=\"elementor-row\">\n\t\t\t\t\t<div class=\"elementor-column elementor-col-100 elementor-top-column elementor-element elementor-element-0bcb5c3\" data-id=\"0bcb5c3\" data-element_type=\"column\">\n\t\t\t<div class=\"elementor-column-wrap elementor-element-populated\">\n\t\t\t\t\t\t\t<div class=\"elementor-widget-wrap\">\n\t\t\t\t\t\t<section class=\"elementor-section elementor-inner-section elementor-element elementor-element-3f0d2cb elementor-section-boxed elementor-section-height-default elementor-section-height-default\" data-id=\"3f0d2cb\" data-element_type=\"section\">\n\t\t\t\t\t\t<div class=\"elementor-container elementor-column-gap-default\">\n\t\t\t\t\t\t\t<div class=\"elementor-row\">\n\t\t\t\t\t<div class=\"elementor-column elementor-col-50 elementor-inner-column elementor-element elementor-element-97e6caa\" data-id=\"97e6caa\" data-element_type=\"column\">\n\t\t\t<div class=\"elementor-column-wrap elementor-element-populated\">\n\t\t\t\t\t\t\t<div class=\"elementor-widget-wrap\">\n\t\t\t\t\t\t<div class=\"elementor-element elementor-element-cf2a329 elementor-widget elementor-widget-image\" data-id=\"cf2a329\" data-element_type=\"widget\" data-widget_type=\"image.default\">\n\t\t\t\t<div class=\"elementor-widget-container\">\n\t\t\t\t\t\t\t\t<div class=\"elementor-image\">\n\t\t\t\t\t\t\t\t\t\t\t\t<img decoding=\"async\" width=\"1920\" height=\"1280\" src=\"https:\/\/wyco.de\/wp-content\/uploads\/2020\/05\/lager-1920.jpg\" class=\"attachment-full size-full wp-image-315\" alt=\"Lagerhalle\" loading=\"lazy\" srcset=\"https:\/\/wyco.de\/wp-content\/uploads\/2020\/05\/lager-1920.jpg 1920w, https:\/\/wyco.de\/wp-content\/uploads\/2020\/05\/lager-1920-300x200.jpg 300w, https:\/\/wyco.de\/wp-content\/uploads\/2020\/05\/lager-1920-1024x683.jpg 1024w, https:\/\/wyco.de\/wp-content\/uploads\/2020\/05\/lager-1920-768x512.jpg 768w, https:\/\/wyco.de\/wp-content\/uploads\/2020\/05\/lager-1920-1536x1024.jpg 1536w\" sizes=\"(max-width: 1920px) 100vw, 1920px\" \/>\t\t\t\t\t\t\t\t\t\t\t\t\t\t<\/div>\n\t\t\t\t\t\t<\/div>\n\t\t\t\t<\/div>\n\t\t\t\t\t\t<\/div>\n\t\t\t\t\t<\/div>\n\t\t<\/div>\n\t\t\t\t<div class=\"elementor-column elementor-col-50 elementor-inner-column elementor-element elementor-element-c56e40c\" data-id=\"c56e40c\" data-element_type=\"column\">\n\t\t\t<div class=\"elementor-column-wrap elementor-element-populated\">\n\t\t\t\t\t\t\t<div class=\"elementor-widget-wrap\">\n\t\t\t\t\t\t<div class=\"elementor-element elementor-element-0a73281 elementor-widget elementor-widget-menu-anchor\" data-id=\"0a73281\" data-element_type=\"widget\" data-widget_type=\"menu-anchor.default\">\n\t\t\t\t<div class=\"elementor-widget-container\">\n\t\t\t\t\t<div id=\"lagerprogramm\" class=\"elementor-menu-anchor\"><\/div>\n\t\t\t\t<\/div>\n\t\t\t\t<\/div>\n\t\t\t\t<div class=\"elementor-element elementor-element-9a380e7 elementor-widget elementor-widget-heading\" data-id=\"9a380e7\" data-element_type=\"widget\" data-widget_type=\"heading.default\">\n\t\t\t\t<div class=\"elementor-widget-container\">\n\t\t\t<h2 class=\"elementor-heading-title elementor-size-default\">Stock program<\/h2>\t\t<\/div>\n\t\t\t\t<\/div>\n\t\t\t\t<div class=\"elementor-element elementor-element-6cb17c9 elementor-widget elementor-widget-text-editor\" data-id=\"6cb17c9\" data-element_type=\"widget\" data-widget_type=\"text-editor.default\">\n\t\t\t\t<div class=\"elementor-widget-container\">\n\t\t\t\t\t\t\t\t<div class=\"elementor-text-editor elementor-clearfix\">\n\t\t\t\t<p>Acrylic glass (PLEXIGLAS\u00ae) and polycarbonate (MAKROLON\u00ae) are mainly processed at Wyco-Glas. We can also process other technical plastics such as POM, PE, PP, PVC, PETG, aluminum composite panels, DIBOND\u00ae, PVC rigid foam, FOREX\u00ae, etc.<\/p><p>In the stock lists you will find the materials that we usually have in stock.<\/p><p><a href=\"https:\/\/wyco.de\/wp-content\/uploads\/2020\/05\/PLEXIGLAS_Lagerliste_GS.pdf\" target=\"_blank\" rel=\"noopener\">PLEXIGLAS_colors_stock list.pdf<\/a><\/p><p><a href=\"https:\/\/wyco.de\/wp-content\/uploads\/2020\/05\/Lagerliste_XT-farblos-Sondermat..pdf\" target=\"_blank\" rel=\"noopener\">PLEXIGLAS_XT_Lagerliste_Sondermaterial.pdf<\/a><\/p><p><a href=\"https:\/\/wyco.de\/wp-content\/uploads\/2020\/05\/MAKROLON_Lagerliste.pdf\" target=\"_blank\" rel=\"noopener\">MAKROLON_stock program.pdf<\/a><\/p><p><a href=\"https:\/\/wyco.de\/wp-content\/uploads\/2020\/05\/Lagerliste_Rohre_Staebe.pdf\" target=\"_blank\" rel=\"noopener\">Tubes_Sticks_Acrylglas.pdf<\/a><\/p>\t\t\t\t\t<\/div>\n\t\t\t\t\t\t<\/div>\n\t\t\t\t<\/div>\n\t\t\t\t\t\t<\/div>\n\t\t\t\t\t<\/div>\n\t\t<\/div>\n\t\t\t\t\t\t\t\t<\/div>\n\t\t\t\t\t<\/div>\n\t\t<\/section>\n\t\t\t\t<section class=\"elementor-section elementor-inner-section elementor-element elementor-element-59a21f2 elementor-section-boxed elementor-section-height-default elementor-section-height-default\" data-id=\"59a21f2\" data-element_type=\"section\">\n\t\t\t\t\t\t<div class=\"elementor-container elementor-column-gap-default\">\n\t\t\t\t\t\t\t<div class=\"elementor-row\">\n\t\t\t\t\t<div class=\"elementor-column elementor-col-100 elementor-inner-column elementor-element elementor-element-4baaaab\" data-id=\"4baaaab\" data-element_type=\"column\">\n\t\t\t<div class=\"elementor-column-wrap elementor-element-populated\">\n\t\t\t\t\t\t\t<div class=\"elementor-widget-wrap\">\n\t\t\t\t\t\t<div class=\"elementor-element elementor-element-0786854 elementor-widget-divider--view-line elementor-widget elementor-widget-divider\" data-id=\"0786854\" data-element_type=\"widget\" data-widget_type=\"divider.default\">\n\t\t\t\t<div class=\"elementor-widget-container\">\n\t\t\t\t\t<div class=\"elementor-divider\">\n\t\t\t<span class=\"elementor-divider-separator\">\n\t\t\t\t\t\t<\/span>\n\t\t<\/div>\n\t\t\t\t<\/div>\n\t\t\t\t<\/div>\n\t\t\t\t\t\t<\/div>\n\t\t\t\t\t<\/div>\n\t\t<\/div>\n\t\t\t\t\t\t\t\t<\/div>\n\t\t\t\t\t<\/div>\n\t\t<\/section>\n\t\t\t\t<section class=\"elementor-section elementor-inner-section elementor-element elementor-element-1e85586 elementor-section-boxed elementor-section-height-default elementor-section-height-default\" data-id=\"1e85586\" data-element_type=\"section\">\n\t\t\t\t\t\t<div class=\"elementor-container elementor-column-gap-default\">\n\t\t\t\t\t\t\t<div class=\"elementor-row\">\n\t\t\t\t\t<div class=\"elementor-column elementor-col-50 elementor-inner-column elementor-element elementor-element-b332ffd\" data-id=\"b332ffd\" data-element_type=\"column\">\n\t\t\t<div class=\"elementor-column-wrap elementor-element-populated\">\n\t\t\t\t\t\t\t<div class=\"elementor-widget-wrap\">\n\t\t\t\t\t\t<div class=\"elementor-element elementor-element-c62a247 elementor-widget elementor-widget-image\" data-id=\"c62a247\" data-element_type=\"widget\" data-widget_type=\"image.default\">\n\t\t\t\t<div class=\"elementor-widget-container\">\n\t\t\t\t\t\t\t\t<div class=\"elementor-image\">\n\t\t\t\t\t\t\t\t\t\t\t\t<img decoding=\"async\" width=\"1920\" height=\"1280\" src=\"https:\/\/wyco.de\/wp-content\/uploads\/2020\/05\/materialinfo-2020.jpg\" class=\"attachment-full size-full wp-image-594\" alt=\"Material\" loading=\"lazy\" srcset=\"https:\/\/wyco.de\/wp-content\/uploads\/2020\/05\/materialinfo-2020.jpg 1920w, https:\/\/wyco.de\/wp-content\/uploads\/2020\/05\/materialinfo-2020-300x200.jpg 300w, https:\/\/wyco.de\/wp-content\/uploads\/2020\/05\/materialinfo-2020-1024x683.jpg 1024w, https:\/\/wyco.de\/wp-content\/uploads\/2020\/05\/materialinfo-2020-768x512.jpg 768w, https:\/\/wyco.de\/wp-content\/uploads\/2020\/05\/materialinfo-2020-1536x1024.jpg 1536w\" sizes=\"(max-width: 1920px) 100vw, 1920px\" \/>\t\t\t\t\t\t\t\t\t\t\t\t\t\t<\/div>\n\t\t\t\t\t\t<\/div>\n\t\t\t\t<\/div>\n\t\t\t\t\t\t<\/div>\n\t\t\t\t\t<\/div>\n\t\t<\/div>\n\t\t\t\t<div class=\"elementor-column elementor-col-50 elementor-inner-column elementor-element elementor-element-2c14572\" data-id=\"2c14572\" data-element_type=\"column\">\n\t\t\t<div class=\"elementor-column-wrap elementor-element-populated\">\n\t\t\t\t\t\t\t<div class=\"elementor-widget-wrap\">\n\t\t\t\t\t\t<div class=\"elementor-element elementor-element-3c6d1b3 elementor-widget elementor-widget-menu-anchor\" data-id=\"3c6d1b3\" data-element_type=\"widget\" data-widget_type=\"menu-anchor.default\">\n\t\t\t\t<div class=\"elementor-widget-container\">\n\t\t\t\t\t<div id=\"materialinfo\" class=\"elementor-menu-anchor\"><\/div>\n\t\t\t\t<\/div>\n\t\t\t\t<\/div>\n\t\t\t\t<div class=\"elementor-element elementor-element-20c2dde elementor-widget elementor-widget-heading\" data-id=\"20c2dde\" data-element_type=\"widget\" data-widget_type=\"heading.default\">\n\t\t\t\t<div class=\"elementor-widget-container\">\n\t\t\t<h2 class=\"elementor-heading-title elementor-size-default\">Material information<\/h2>\t\t<\/div>\n\t\t\t\t<\/div>\n\t\t\t\t<div class=\"elementor-element elementor-element-6c43c38 elementor-widget elementor-widget-text-editor\" data-id=\"6c43c38\" data-element_type=\"widget\" data-widget_type=\"text-editor.default\">\n\t\t\t\t<div class=\"elementor-widget-container\">\n\t\t\t\t\t\t\t\t<div class=\"elementor-text-editor elementor-clearfix\">\n\t\t\t\t<p>For the different materials that are processed at Wyco-Glas, you will find some helpful data sheets on various material properties, resistance information and tolerances here.<\/p><p><a href=\"https:\/\/wyco.de\/wp-content\/uploads\/2020\/05\/211-1-PLEXIGLAS-GS-XT-de.pdf\" target=\"_blank\" rel=\"noopener\">PLEXIGLAS_XT_GS_data sheet.pdf<\/a><\/p><p><a href=\"https:\/\/wyco.de\/wp-content\/uploads\/2020\/05\/Makrolon_GP_Datenblatt.pdf\" target=\"_blank\" rel=\"noopener\">MAKROLON_GP_data sheet.pdf<\/a><\/p>\t\t\t\t\t<\/div>\n\t\t\t\t\t\t<\/div>\n\t\t\t\t<\/div>\n\t\t\t\t\t\t<\/div>\n\t\t\t\t\t<\/div>\n\t\t<\/div>\n\t\t\t\t\t\t\t\t<\/div>\n\t\t\t\t\t<\/div>\n\t\t<\/section>\n\t\t\t\t\t\t<\/div>\n\t\t\t\t\t<\/div>\n\t\t<\/div>\n\t\t\t\t\t\t\t\t<\/div>\n\t\t\t\t\t<\/div>\n\t\t<\/section>\n\t\t\t\t\t\t\t\t\t<\/div>\n\t\t\t<\/div>\n\t\t\t\t\t<\/div>","protected":false},"excerpt":{"rendered":"<p>Lagerprogramm Acryglas (PLEXIGLAS\u00ae) und Polycarbonat (MAKROLON\u00ae) wird bei Wyco-Glas haupts\u00e4chlich verarbeitet. Au\u00dferdem k\u00f6nnen weitere technische Kunststoffe wie POM, PE, PP, PVC, PETG, Alu-Verbundplatten, DIBOND\u00ae, PVC-Hartschaum, FOREX\u00ae, etc. von uns verarbeitet werden. In den Lagerlisten finden Sie die Materialien, die wir meist am Lager haben. PLEXIGLAS_Farben_Lagerliste.pdf PLEXIGLAS_XT_Lagerliste_Sondermaterial.pdf MAKROLON_Lagerliste.pdf Rohre_St\u00e4be_Lagerliste.pdf Materialinfo F\u00fcr die unterschiedlichen Materialien, die bei&hellip;<\/p>","protected":false},"author":1,"featured_media":0,"parent":22,"menu_order":1,"comment_status":"closed","ping_status":"closed","template":"","meta":[],"yoast_head":"<!-- This site is optimized with the Yoast SEO plugin v20.7 - https:\/\/yoast.com\/wordpress\/plugins\/seo\/ -->\n<title>wycoglas Pforzheim | Materialien<\/title>\n<meta name=\"description\" content=\"wycoglas verarbeitet Acryglas (PLEXIGLAS\u00ae), Polycarbonat (MAKROLON\u00ae), POM, PE, PP, PVC, PETG, Alu-Verbundplatten, DIBOND\u00ae, PVC-Hartschaum, ...\" \/>\n<meta name=\"robots\" content=\"index, follow, max-snippet:-1, max-image-preview:large, max-video-preview:-1\" \/>\n<link rel=\"canonical\" href=\"http:\/\/wyco.de\/en\/leistungen\/materialien\/\" \/>\n<meta property=\"og:locale\" content=\"en_GB\" \/>\n<meta property=\"og:type\" content=\"article\" \/>\n<meta property=\"og:title\" content=\"wycoglas Pforzheim | Materialien\" \/>\n<meta property=\"og:description\" content=\"wycoglas verarbeitet Acryglas (PLEXIGLAS\u00ae), Polycarbonat (MAKROLON\u00ae), POM, PE, PP, PVC, PETG, Alu-Verbundplatten, DIBOND\u00ae, PVC-Hartschaum, ...\" \/>\n<meta property=\"og:url\" content=\"http:\/\/wyco.de\/en\/leistungen\/materialien\/\" \/>\n<meta property=\"og:site_name\" content=\"wycoglas\" \/>\n<meta property=\"article:modified_time\" content=\"2020-11-25T14:24:45+00:00\" \/>\n<meta property=\"og:image\" content=\"http:\/\/neu20.wyco.de\/wp-content\/uploads\/2020\/05\/lager-1920.jpg\" \/>\n<meta name=\"twitter:card\" content=\"summary_large_image\" \/>\n<script type=\"application\/ld+json\" class=\"yoast-schema-graph\">{\"@context\":\"https:\/\/schema.org\",\"@graph\":[{\"@type\":\"WebPage\",\"@id\":\"https:\/\/wyco.de\/leistungen\/materialien\/\",\"url\":\"https:\/\/wyco.de\/leistungen\/materialien\/\",\"name\":\"wycoglas Pforzheim | Materialien\",\"isPartOf\":{\"@id\":\"https:\/\/wyco.de\/de\/#website\"},\"datePublished\":\"2020-05-15T17:00:08+00:00\",\"dateModified\":\"2020-11-25T14:24:45+00:00\",\"description\":\"wycoglas verarbeitet Acryglas (PLEXIGLAS\u00ae), Polycarbonat (MAKROLON\u00ae), POM, PE, PP, PVC, PETG, Alu-Verbundplatten, DIBOND\u00ae, PVC-Hartschaum, ...\",\"breadcrumb\":{\"@id\":\"https:\/\/wyco.de\/leistungen\/materialien\/#breadcrumb\"},\"inLanguage\":\"en-GB\",\"potentialAction\":[{\"@type\":\"ReadAction\",\"target\":[\"https:\/\/wyco.de\/leistungen\/materialien\/\"]}]},{\"@type\":\"BreadcrumbList\",\"@id\":\"https:\/\/wyco.de\/leistungen\/materialien\/#breadcrumb\",\"itemListElement\":[{\"@type\":\"ListItem\",\"position\":1,\"name\":\"Home\",\"item\":\"https:\/\/wyco.de\/\"},{\"@type\":\"ListItem\",\"position\":2,\"name\":\"Leistungen\",\"item\":\"https:\/\/wyco.de\/leistungen\/\"},{\"@type\":\"ListItem\",\"position\":3,\"name\":\"Materialien\"}]},{\"@type\":\"WebSite\",\"@id\":\"https:\/\/wyco.de\/de\/#website\",\"url\":\"https:\/\/wyco.de\/de\/\",\"name\":\"wycoglas\",\"description\":\"acrylglas\",\"publisher\":{\"@id\":\"https:\/\/wyco.de\/de\/#organization\"},\"potentialAction\":[{\"@type\":\"SearchAction\",\"target\":{\"@type\":\"EntryPoint\",\"urlTemplate\":\"https:\/\/wyco.de\/de\/?s={search_term_string}\"},\"query-input\":\"required name=search_term_string\"}],\"inLanguage\":\"en-GB\"},{\"@type\":\"Organization\",\"@id\":\"https:\/\/wyco.de\/de\/#organization\",\"name\":\"wycoglas\",\"url\":\"https:\/\/wyco.de\/de\/\",\"logo\":{\"@type\":\"ImageObject\",\"inLanguage\":\"en-GB\",\"@id\":\"https:\/\/wyco.de\/de\/#\/schema\/logo\/image\/\",\"url\":\"https:\/\/wyco.de\/wp-content\/uploads\/2020\/04\/cropped-logo.png\",\"contentUrl\":\"https:\/\/wyco.de\/wp-content\/uploads\/2020\/04\/cropped-logo.png\",\"width\":178,\"height\":47,\"caption\":\"wycoglas\"},\"image\":{\"@id\":\"https:\/\/wyco.de\/de\/#\/schema\/logo\/image\/\"}}]}<\/script>\n<!-- \/ Yoast SEO plugin. -->","yoast_head_json":{"title":"wycoglas Pforzheim | Materialien","description":"wycoglas verarbeitet Acryglas (PLEXIGLAS\u00ae), Polycarbonat (MAKROLON\u00ae), POM, PE, PP, PVC, PETG, Alu-Verbundplatten, DIBOND\u00ae, PVC-Hartschaum, ...","robots":{"index":"index","follow":"follow","max-snippet":"max-snippet:-1","max-image-preview":"max-image-preview:large","max-video-preview":"max-video-preview:-1"},"canonical":"http:\/\/wyco.de\/en\/leistungen\/materialien\/","og_locale":"en_GB","og_type":"article","og_title":"wycoglas Pforzheim | Materialien","og_description":"wycoglas verarbeitet Acryglas (PLEXIGLAS\u00ae), Polycarbonat (MAKROLON\u00ae), POM, PE, PP, PVC, PETG, Alu-Verbundplatten, DIBOND\u00ae, PVC-Hartschaum, ...","og_url":"http:\/\/wyco.de\/en\/leistungen\/materialien\/","og_site_name":"wycoglas","article_modified_time":"2020-11-25T14:24:45+00:00","og_image":[{"url":"http:\/\/neu20.wyco.de\/wp-content\/uploads\/2020\/05\/lager-1920.jpg"}],"twitter_card":"summary_large_image","schema":{"@context":"https:\/\/schema.org","@graph":[{"@type":"WebPage","@id":"https:\/\/wyco.de\/leistungen\/materialien\/","url":"https:\/\/wyco.de\/leistungen\/materialien\/","name":"wycoglas Pforzheim | Materialien","isPartOf":{"@id":"https:\/\/wyco.de\/de\/#website"},"datePublished":"2020-05-15T17:00:08+00:00","dateModified":"2020-11-25T14:24:45+00:00","description":"wycoglas verarbeitet Acryglas (PLEXIGLAS\u00ae), Polycarbonat (MAKROLON\u00ae), POM, PE, PP, PVC, PETG, Alu-Verbundplatten, DIBOND\u00ae, PVC-Hartschaum, ...","breadcrumb":{"@id":"https:\/\/wyco.de\/leistungen\/materialien\/#breadcrumb"},"inLanguage":"en-GB","potentialAction":[{"@type":"ReadAction","target":["https:\/\/wyco.de\/leistungen\/materialien\/"]}]},{"@type":"BreadcrumbList","@id":"https:\/\/wyco.de\/leistungen\/materialien\/#breadcrumb","itemListElement":[{"@type":"ListItem","position":1,"name":"Home","item":"https:\/\/wyco.de\/"},{"@type":"ListItem","position":2,"name":"Leistungen","item":"https:\/\/wyco.de\/leistungen\/"},{"@type":"ListItem","position":3,"name":"Materialien"}]},{"@type":"WebSite","@id":"https:\/\/wyco.de\/de\/#website","url":"https:\/\/wyco.de\/de\/","name":"wycoglas","description":"acrylglas","publisher":{"@id":"https:\/\/wyco.de\/de\/#organization"},"potentialAction":[{"@type":"SearchAction","target":{"@type":"EntryPoint","urlTemplate":"https:\/\/wyco.de\/de\/?s={search_term_string}"},"query-input":"required name=search_term_string"}],"inLanguage":"en-GB"},{"@type":"Organization","@id":"https:\/\/wyco.de\/de\/#organization","name":"wycoglas","url":"https:\/\/wyco.de\/de\/","logo":{"@type":"ImageObject","inLanguage":"en-GB","@id":"https:\/\/wyco.de\/de\/#\/schema\/logo\/image\/","url":"https:\/\/wyco.de\/wp-content\/uploads\/2020\/04\/cropped-logo.png","contentUrl":"https:\/\/wyco.de\/wp-content\/uploads\/2020\/04\/cropped-logo.png","width":178,"height":47,"caption":"wycoglas"},"image":{"@id":"https:\/\/wyco.de\/de\/#\/schema\/logo\/image\/"}}]}},"_links":{"self":[{"href":"http:\/\/wyco.de\/en\/wp-json\/wp\/v2\/pages\/587"}],"collection":[{"href":"http:\/\/wyco.de\/en\/wp-json\/wp\/v2\/pages"}],"about":[{"href":"http:\/\/wyco.de\/en\/wp-json\/wp\/v2\/types\/page"}],"author":[{"embeddable":true,"href":"http:\/\/wyco.de\/en\/wp-json\/wp\/v2\/users\/1"}],"replies":[{"embeddable":true,"href":"http:\/\/wyco.de\/en\/wp-json\/wp\/v2\/comments?post=587"}],"version-history":[{"count":25,"href":"http:\/\/wyco.de\/en\/wp-json\/wp\/v2\/pages\/587\/revisions"}],"predecessor-version":[{"id":1308,"href":"http:\/\/wyco.de\/en\/wp-json\/wp\/v2\/pages\/587\/revisions\/1308"}],"up":[{"embeddable":true,"href":"http:\/\/wyco.de\/en\/wp-json\/wp\/v2\/pages\/22"}],"wp:attachment":[{"href":"http:\/\/wyco.de\/en\/wp-json\/wp\/v2\/media?parent=587"}],"curies":[{"name":"wp","href":"https:\/\/api.w.org\/{rel}","templated":true}]}}