{"id":30,"date":"2020-04-30T16:47:47","date_gmt":"2020-04-30T14:47:47","guid":{"rendered":"http:\/\/localhost:8888\/?page_id=30"},"modified":"2022-10-24T07:48:33","modified_gmt":"2022-10-24T05:48:33","slug":"impressum","status":"publish","type":"page","link":"http:\/\/wyco.de\/en\/impressum\/","title":{"rendered":"Site notice"},"content":{"rendered":"<div data-elementor-type=\"wp-page\" data-elementor-id=\"30\" class=\"elementor elementor-30\">\n\t\t\t\t\t\t<div class=\"elementor-inner\">\n\t\t\t\t<div class=\"elementor-section-wrap\">\n\t\t\t\t\t\t\t\t\t<section class=\"elementor-section elementor-top-section elementor-element elementor-element-b6944d4 elementor-section-stretched elementor-section-full_width elementor-section-height-default elementor-section-height-default\" data-id=\"b6944d4\" data-element_type=\"section\" data-settings=\"{&quot;stretch_section&quot;:&quot;section-stretched&quot;}\">\n\t\t\t\t\t\t<div class=\"elementor-container elementor-column-gap-default\">\n\t\t\t\t\t\t\t<div class=\"elementor-row\">\n\t\t\t\t\t<div class=\"elementor-column elementor-col-100 elementor-top-column elementor-element elementor-element-e8bddb6\" data-id=\"e8bddb6\" data-element_type=\"column\">\n\t\t\t<div class=\"elementor-column-wrap elementor-element-populated\">\n\t\t\t\t\t\t\t<div class=\"elementor-widget-wrap\">\n\t\t\t\t\t\t<div class=\"elementor-element elementor-element-99ebc1f elementor-widget elementor-widget-spacer\" data-id=\"99ebc1f\" data-element_type=\"widget\" data-widget_type=\"spacer.default\">\n\t\t\t\t<div class=\"elementor-widget-container\">\n\t\t\t\t\t<div class=\"elementor-spacer\">\n\t\t\t<div class=\"elementor-spacer-inner\"><\/div>\n\t\t<\/div>\n\t\t\t\t<\/div>\n\t\t\t\t<\/div>\n\t\t\t\t<section class=\"elementor-section elementor-inner-section elementor-element elementor-element-6a28f3a elementor-section-boxed elementor-section-height-default elementor-section-height-default\" data-id=\"6a28f3a\" data-element_type=\"section\">\n\t\t\t\t\t\t<div class=\"elementor-container elementor-column-gap-default\">\n\t\t\t\t\t\t\t<div class=\"elementor-row\">\n\t\t\t\t\t<div class=\"elementor-column elementor-col-100 elementor-inner-column elementor-element elementor-element-cd3af0f\" data-id=\"cd3af0f\" data-element_type=\"column\">\n\t\t\t<div class=\"elementor-column-wrap elementor-element-populated\">\n\t\t\t\t\t\t\t<div class=\"elementor-widget-wrap\">\n\t\t\t\t\t\t<div class=\"elementor-element elementor-element-2e49167 elementor-widget__width-initial elementor-widget elementor-widget-heading\" data-id=\"2e49167\" data-element_type=\"widget\" data-widget_type=\"heading.default\">\n\t\t\t\t<div class=\"elementor-widget-container\">\n\t\t\t<h1 class=\"elementor-heading-title elementor-size-default\">Site notice<\/h1>\t\t<\/div>\n\t\t\t\t<\/div>\n\t\t\t\t<div class=\"elementor-element elementor-element-e1524be elementor-widget elementor-widget-spacer\" data-id=\"e1524be\" data-element_type=\"widget\" data-widget_type=\"spacer.default\">\n\t\t\t\t<div class=\"elementor-widget-container\">\n\t\t\t\t\t<div class=\"elementor-spacer\">\n\t\t\t<div class=\"elementor-spacer-inner\"><\/div>\n\t\t<\/div>\n\t\t\t\t<\/div>\n\t\t\t\t<\/div>\n\t\t\t\t<div class=\"elementor-element elementor-element-f9d06c9 elementor-widget elementor-widget-heading\" data-id=\"f9d06c9\" data-element_type=\"widget\" data-widget_type=\"heading.default\">\n\t\t\t\t<div class=\"elementor-widget-container\">\n\t\t\t<h2 class=\"elementor-heading-title elementor-size-default\">Disclaimer, data protection, hyperlinks, cookies<\/h2>\t\t<\/div>\n\t\t\t\t<\/div>\n\t\t\t\t<div class=\"elementor-element elementor-element-3c278d3 elementor-widget elementor-widget-text-editor\" data-id=\"3c278d3\" data-element_type=\"widget\" data-widget_type=\"text-editor.default\">\n\t\t\t\t<div class=\"elementor-widget-container\">\n\t\t\t\t\t\t\t\t<div class=\"elementor-text-editor elementor-clearfix\">\n\t\t\t\t<p><strong>Responsible for content:<\/strong><br \/>Wyco-Glas GmbH<br \/>Reutlinger Stra\u00dfe 7-11<br \/>75179 Pforzheim<\/p><p>Telephone 0049 7231 -22457<br \/><a href=\"mailto:info@wyco.de\">info@wyco.de<\/a><\/p><p>Handelsregister: Pforzheim HRB NR. 1270<br \/>Value added tax identification number in accordance with \u00a727 a of the German value added tax law: DE144177204<br \/>Register court Mannheim HRB: 501270<br \/>Executive director: Bernd Ro\u00dfnagel<br \/>Generally business conditions_.pdf<\/p><p>PLEXIGLAS\u00ae = registered trademark of Evonik R\u00f6hm GmbH, Darmstadt<\/p><p><strong>Disclaimer<\/strong><\/p><p>Legal notes:<br \/>Information on this web site can contain technical inaccuracies or typographical mistakes.<br \/>We reserve the right to change or update the information on this web site whenever necessary and without previous notice.<br \/>All the works and parts of works published on our web site such as texts, data files, compositions and pictures are protected by copyright or designs law. Publication, copying, spreading or other use \u2013 also in part \u2013 shall need written permission by Wyco-Glas.<\/p><p><strong>Data protection<br \/><\/strong>Wyco-Glas GmbH respects the applicable provisions of data protection law when collecting, using and handling personal data. Whenever personal data (email address, name, address etc.) can be entered within the context of the internet, this is optional.<br \/>Your personal data provided is for internal use only - to respond to your requests, process your orders or to give you access to specific information.<br \/>On written request, we will inform you about the personal data stored relating to you. You furthermore always have the right to have these data rectified, erased or blocked.<\/p><p><strong>Hyperlinks<br \/><\/strong>This web site may contain hyperlinks to webpages of third parties. Links on this web site to webpages of third parties open in a separate window and are only provided for user-friendliness. Wyco dissociates itself explicitly of the contents of these webpages and does not adopt these web sites or their contents as its own. Wyco is not responsible for the contents of other web sites. The use of these sites is at your own risk.<\/p><p><strong>Use of cookies<br \/><\/strong>Wyco-Glas GmbH verwendet so genannte \u201eCookies&#8220;. Diese dienen dazu, unser Angebot besser auf Ihre W\u00fcnsche auszurichten und statistische Daten \u00fcber die Nutzung unserer Website erheben zu k\u00f6nnen. Bei \u201eCookies&#8220; handelt es sich um kleine Textdateien, die von einer Website lokal im Speicher Ihres Internet-Browsers auf dem von Ihnen genutzten Rechner abgelegt werden k\u00f6nnen.<br \/>Most importantly, cookies make internet browser recognition possible. The cookies on our web site do not collect personal data about you or your use. You can delete any cookies set anytime yourself, clicking on the appropriate menu item in your internet browser or deleting the cookies on your hard drive. Further details regarding this can be found in the help menu of your internet browser.<\/p><p><strong>Web site use without cookies<br \/><\/strong>Selbstverst\u00e4ndlich k\u00f6nnen Sie unsere Website auch nutzen, ohne dass Cookies verwendet werden. Sie k\u00f6nnen hierzu die Verwendung von Cookies jederzeit \u00fcber die Einstellungen Ihres Internet-Browsers generell ablehnen (\u201edeaktivieren&#8220;). Alternativ hierzu k\u00f6nnen Sie sich das Setzen von Cookies anzeigen lassen und dann im Einzelfall entscheiden, ob Cookies akzeptiert werden sollen (\u201eCookie-Warnung&#8220;). Das Ablehnen oder Anzeigen von Cookies kann sich auf die Funktionalit\u00e4t unserer Website auswirken.<\/p>\t\t\t\t\t<\/div>\n\t\t\t\t\t\t<\/div>\n\t\t\t\t<\/div>\n\t\t\t\t\t\t<\/div>\n\t\t\t\t\t<\/div>\n\t\t<\/div>\n\t\t\t\t\t\t\t\t<\/div>\n\t\t\t\t\t<\/div>\n\t\t<\/section>\n\t\t\t\t\t\t<\/div>\n\t\t\t\t\t<\/div>\n\t\t<\/div>\n\t\t\t\t\t\t\t\t<\/div>\n\t\t\t\t\t<\/div>\n\t\t<\/section>\n\t\t\t\t\t\t\t\t\t<\/div>\n\t\t\t<\/div>\n\t\t\t\t\t<\/div>","protected":false},"excerpt":{"rendered":"<p>Impressum Haftungsausschluss, Datenschutz, Hyperlings, Cookies Verantwortlich f\u00fcr die Inhalte:Wyco-Glas GmbHReutlinger Stra\u00dfe 7-1175179 Pforzheim Telefon 07231 &#8211; 22457info@wyco.de Handelsregister: Pforzheim HRB NR. 1270Umsatzsteuer-Identifikationsnummer gem\u00e4\u00df \u00a727 a Umsatzsteuergesetz: DE144177204Registergericht Mannheim HRB: 501270Gesch\u00e4ftsf\u00fchrer: Bernd Ro\u00dfnagelAllgemeine_Gesch\u00e4ftsbedingungen.pdf PLEXIGLAS\u00ae = registrierte Marke der Evonik R\u00f6hm GmbH, Darmstadt Haftungsausschluss: Rechtliche Hinweise:Wir weisen darauf hin, dass Informationen auf dieser Site technische Ungenauigkeiten oder&hellip;<\/p>","protected":false},"author":1,"featured_media":0,"parent":0,"menu_order":6,"comment_status":"closed","ping_status":"closed","template":"","meta":[],"yoast_head":"<!-- This site is optimized with the Yoast SEO plugin v20.7 - https:\/\/yoast.com\/wordpress\/plugins\/seo\/ -->\n<title>wycoglas Pforzheim | Impressum<\/title>\n<meta name=\"robots\" content=\"index, follow, max-snippet:-1, max-image-preview:large, max-video-preview:-1\" \/>\n<link rel=\"canonical\" href=\"http:\/\/wyco.de\/en\/impressum\/\" \/>\n<meta property=\"og:locale\" content=\"en_GB\" \/>\n<meta property=\"og:type\" content=\"article\" \/>\n<meta property=\"og:title\" content=\"wycoglas Pforzheim | Impressum\" \/>\n<meta property=\"og:description\" content=\"Impressum Haftungsausschluss, Datenschutz, Hyperlings, Cookies Verantwortlich f\u00fcr die Inhalte:Wyco-Glas GmbHReutlinger Stra\u00dfe 7-1175179 Pforzheim Telefon 07231 &#8211; 22457info@wyco.de Handelsregister: Pforzheim HRB NR. 1270Umsatzsteuer-Identifikationsnummer gem\u00e4\u00df \u00a727 a Umsatzsteuergesetz: DE144177204Registergericht Mannheim HRB: 501270Gesch\u00e4ftsf\u00fchrer: Bernd Ro\u00dfnagelAllgemeine_Gesch\u00e4ftsbedingungen.pdf PLEXIGLAS\u00ae = registrierte Marke der Evonik R\u00f6hm GmbH, Darmstadt Haftungsausschluss: Rechtliche Hinweise:Wir weisen darauf hin, dass Informationen auf dieser Site technische Ungenauigkeiten oder&hellip;\" \/>\n<meta property=\"og:url\" content=\"http:\/\/wyco.de\/en\/impressum\/\" \/>\n<meta property=\"og:site_name\" content=\"wycoglas\" \/>\n<meta property=\"article:modified_time\" content=\"2022-10-24T05:48:33+00:00\" \/>\n<meta name=\"twitter:card\" content=\"summary_large_image\" \/>\n<meta name=\"twitter:label1\" content=\"Estimated reading time\" \/>\n\t<meta name=\"twitter:data1\" content=\"2 minutes\" \/>\n<script type=\"application\/ld+json\" class=\"yoast-schema-graph\">{\"@context\":\"https:\/\/schema.org\",\"@graph\":[{\"@type\":\"WebPage\",\"@id\":\"https:\/\/wyco.de\/impressum\/\",\"url\":\"https:\/\/wyco.de\/impressum\/\",\"name\":\"wycoglas Pforzheim | Impressum\",\"isPartOf\":{\"@id\":\"https:\/\/wyco.de\/de\/#website\"},\"datePublished\":\"2020-04-30T14:47:47+00:00\",\"dateModified\":\"2022-10-24T05:48:33+00:00\",\"breadcrumb\":{\"@id\":\"https:\/\/wyco.de\/impressum\/#breadcrumb\"},\"inLanguage\":\"en-GB\",\"potentialAction\":[{\"@type\":\"ReadAction\",\"target\":[\"https:\/\/wyco.de\/impressum\/\"]}]},{\"@type\":\"BreadcrumbList\",\"@id\":\"https:\/\/wyco.de\/impressum\/#breadcrumb\",\"itemListElement\":[{\"@type\":\"ListItem\",\"position\":1,\"name\":\"Home\",\"item\":\"https:\/\/wyco.de\/\"},{\"@type\":\"ListItem\",\"position\":2,\"name\":\"Impressum\"}]},{\"@type\":\"WebSite\",\"@id\":\"https:\/\/wyco.de\/de\/#website\",\"url\":\"https:\/\/wyco.de\/de\/\",\"name\":\"wycoglas\",\"description\":\"acrylglas\",\"publisher\":{\"@id\":\"https:\/\/wyco.de\/de\/#organization\"},\"potentialAction\":[{\"@type\":\"SearchAction\",\"target\":{\"@type\":\"EntryPoint\",\"urlTemplate\":\"https:\/\/wyco.de\/de\/?s={search_term_string}\"},\"query-input\":\"required name=search_term_string\"}],\"inLanguage\":\"en-GB\"},{\"@type\":\"Organization\",\"@id\":\"https:\/\/wyco.de\/de\/#organization\",\"name\":\"wycoglas\",\"url\":\"https:\/\/wyco.de\/de\/\",\"logo\":{\"@type\":\"ImageObject\",\"inLanguage\":\"en-GB\",\"@id\":\"https:\/\/wyco.de\/de\/#\/schema\/logo\/image\/\",\"url\":\"https:\/\/wyco.de\/wp-content\/uploads\/2020\/04\/cropped-logo.png\",\"contentUrl\":\"https:\/\/wyco.de\/wp-content\/uploads\/2020\/04\/cropped-logo.png\",\"width\":178,\"height\":47,\"caption\":\"wycoglas\"},\"image\":{\"@id\":\"https:\/\/wyco.de\/de\/#\/schema\/logo\/image\/\"}}]}<\/script>\n<!-- \/ Yoast SEO plugin. -->","yoast_head_json":{"title":"wycoglas Pforzheim | Impressum","robots":{"index":"index","follow":"follow","max-snippet":"max-snippet:-1","max-image-preview":"max-image-preview:large","max-video-preview":"max-video-preview:-1"},"canonical":"http:\/\/wyco.de\/en\/impressum\/","og_locale":"en_GB","og_type":"article","og_title":"wycoglas Pforzheim | Impressum","og_description":"Impressum Haftungsausschluss, Datenschutz, Hyperlings, Cookies Verantwortlich f\u00fcr die Inhalte:Wyco-Glas GmbHReutlinger Stra\u00dfe 7-1175179 Pforzheim Telefon 07231 &#8211; 22457info@wyco.de Handelsregister: Pforzheim HRB NR. 1270Umsatzsteuer-Identifikationsnummer gem\u00e4\u00df \u00a727 a Umsatzsteuergesetz: DE144177204Registergericht Mannheim HRB: 501270Gesch\u00e4ftsf\u00fchrer: Bernd Ro\u00dfnagelAllgemeine_Gesch\u00e4ftsbedingungen.pdf PLEXIGLAS\u00ae = registrierte Marke der Evonik R\u00f6hm GmbH, Darmstadt Haftungsausschluss: Rechtliche Hinweise:Wir weisen darauf hin, dass Informationen auf dieser Site technische Ungenauigkeiten oder&hellip;","og_url":"http:\/\/wyco.de\/en\/impressum\/","og_site_name":"wycoglas","article_modified_time":"2022-10-24T05:48:33+00:00","twitter_card":"summary_large_image","twitter_misc":{"Estimated reading time":"2 minutes"},"schema":{"@context":"https:\/\/schema.org","@graph":[{"@type":"WebPage","@id":"https:\/\/wyco.de\/impressum\/","url":"https:\/\/wyco.de\/impressum\/","name":"wycoglas Pforzheim | Impressum","isPartOf":{"@id":"https:\/\/wyco.de\/de\/#website"},"datePublished":"2020-04-30T14:47:47+00:00","dateModified":"2022-10-24T05:48:33+00:00","breadcrumb":{"@id":"https:\/\/wyco.de\/impressum\/#breadcrumb"},"inLanguage":"en-GB","potentialAction":[{"@type":"ReadAction","target":["https:\/\/wyco.de\/impressum\/"]}]},{"@type":"BreadcrumbList","@id":"https:\/\/wyco.de\/impressum\/#breadcrumb","itemListElement":[{"@type":"ListItem","position":1,"name":"Home","item":"https:\/\/wyco.de\/"},{"@type":"ListItem","position":2,"name":"Impressum"}]},{"@type":"WebSite","@id":"https:\/\/wyco.de\/de\/#website","url":"https:\/\/wyco.de\/de\/","name":"wycoglas","description":"acrylglas","publisher":{"@id":"https:\/\/wyco.de\/de\/#organization"},"potentialAction":[{"@type":"SearchAction","target":{"@type":"EntryPoint","urlTemplate":"https:\/\/wyco.de\/de\/?s={search_term_string}"},"query-input":"required name=search_term_string"}],"inLanguage":"en-GB"},{"@type":"Organization","@id":"https:\/\/wyco.de\/de\/#organization","name":"wycoglas","url":"https:\/\/wyco.de\/de\/","logo":{"@type":"ImageObject","inLanguage":"en-GB","@id":"https:\/\/wyco.de\/de\/#\/schema\/logo\/image\/","url":"https:\/\/wyco.de\/wp-content\/uploads\/2020\/04\/cropped-logo.png","contentUrl":"https:\/\/wyco.de\/wp-content\/uploads\/2020\/04\/cropped-logo.png","width":178,"height":47,"caption":"wycoglas"},"image":{"@id":"https:\/\/wyco.de\/de\/#\/schema\/logo\/image\/"}}]}},"_links":{"self":[{"href":"http:\/\/wyco.de\/en\/wp-json\/wp\/v2\/pages\/30"}],"collection":[{"href":"http:\/\/wyco.de\/en\/wp-json\/wp\/v2\/pages"}],"about":[{"href":"http:\/\/wyco.de\/en\/wp-json\/wp\/v2\/types\/page"}],"author":[{"embeddable":true,"href":"http:\/\/wyco.de\/en\/wp-json\/wp\/v2\/users\/1"}],"replies":[{"embeddable":true,"href":"http:\/\/wyco.de\/en\/wp-json\/wp\/v2\/comments?post=30"}],"version-history":[{"count":32,"href":"http:\/\/wyco.de\/en\/wp-json\/wp\/v2\/pages\/30\/revisions"}],"predecessor-version":[{"id":1428,"href":"http:\/\/wyco.de\/en\/wp-json\/wp\/v2\/pages\/30\/revisions\/1428"}],"wp:attachment":[{"href":"http:\/\/wyco.de\/en\/wp-json\/wp\/v2\/media?parent=30"}],"curies":[{"name":"wp","href":"https:\/\/api.w.org\/{rel}","templated":true}]}}